{"id":23477,"date":"2023-06-21T16:43:54","date_gmt":"2023-06-21T14:43:54","guid":{"rendered":"https:\/\/www.immoapulien.com\/?page_id=23477"},"modified":"2024-04-15T20:37:55","modified_gmt":"2024-04-15T18:37:55","slug":"impressum","status":"publish","type":"page","link":"https:\/\/www.immoapulien.com\/it\/impressum\/","title":{"rendered":"Impronta"},"content":{"rendered":"<div data-elementor-type=\"wp-page\" data-elementor-id=\"23477\" class=\"elementor elementor-23477\" data-elementor-post-type=\"page\">\n\t\t\t\t\t\t<section class=\"has_ae_slider elementor-section elementor-top-section elementor-element elementor-element-d9f6380 elementor-section-boxed elementor-section-height-default elementor-section-height-default ae-bg-gallery-type-default sc_fly_static\" data-id=\"d9f6380\" data-element_type=\"section\" data-e-type=\"section\">\n\t\t\t\t\t\t<div class=\"elementor-container elementor-column-gap-extended\">\n\t\t\t\t\t<div class=\"has_ae_slider elementor-column elementor-col-100 elementor-top-column elementor-element elementor-element-d5b6683 sc_content_align_inherit sc_layouts_column_icons_position_left ae-bg-gallery-type-default sc_fly_static\" data-id=\"d5b6683\" data-element_type=\"column\" data-e-type=\"column\">\n\t\t\t<div class=\"elementor-widget-wrap elementor-element-populated\">\n\t\t\t\t\t\t<div class=\"elementor-element elementor-element-9c9e1ae sc_fly_static elementor-widget elementor-widget-heading\" data-id=\"9c9e1ae\" data-element_type=\"widget\" data-e-type=\"widget\" data-widget_type=\"heading.default\">\n\t\t\t\t<div class=\"elementor-widget-container\">\n\t\t\t\t\t<h2 class=\"elementor-heading-title elementor-size-default\">Impronta:<\/h2>\t\t\t\t<\/div>\n\t\t\t\t<\/div>\n\t\t\t\t<div class=\"elementor-element elementor-element-5065b81 sc_fly_static elementor-widget elementor-widget-text-editor\" data-id=\"5065b81\" data-element_type=\"widget\" data-e-type=\"widget\" data-widget_type=\"text-editor.default\">\n\t\t\t\t<div class=\"elementor-widget-container\">\n\t\t\t\t\t\t\t\t\tObbligo di informazione ai sensi del \u00a75 della legge sul commercio elettronico, del \u00a714 del codice commerciale, del \u00a763 della legge sulla regolamentazione del commercio e obbligo di divulgazione ai sensi del \u00a725 della legge sui media.\t\t\t\t\t\t\t\t<\/div>\n\t\t\t\t<\/div>\n\t\t\t\t\t<\/div>\n\t\t<\/div>\n\t\t\t\t\t<\/div>\n\t\t<\/section>\n\t\t\t\t<section class=\"has_ae_slider elementor-section elementor-top-section elementor-element elementor-element-8b08efa elementor-section-boxed elementor-section-height-default elementor-section-height-default ae-bg-gallery-type-default sc_fly_static\" data-id=\"8b08efa\" data-element_type=\"section\" data-e-type=\"section\">\n\t\t\t\t\t\t<div class=\"elementor-container elementor-column-gap-extended\">\n\t\t\t\t\t<div class=\"has_ae_slider elementor-column elementor-col-100 elementor-top-column elementor-element elementor-element-f71f908 sc_content_align_inherit sc_layouts_column_icons_position_left ae-bg-gallery-type-default sc_fly_static\" data-id=\"f71f908\" data-element_type=\"column\" data-e-type=\"column\">\n\t\t\t<div class=\"elementor-widget-wrap elementor-element-populated\">\n\t\t\t\t\t\t<div class=\"elementor-element elementor-element-0637e62 sc_fly_static elementor-widget elementor-widget-text-editor\" data-id=\"0637e62\" data-element_type=\"widget\" data-e-type=\"widget\" data-widget_type=\"text-editor.default\">\n\t\t\t\t<div class=\"elementor-widget-container\">\n\t\t\t\t\t\t\t\t\t<div id=\"cust-name\"><div id=\"cust-name\">Mithras Ges.m.b.H<\/div><div>Direttore generale: Elisabeth Junasek\u00a0<\/div><div id=\"cust-address\">Anello piccolo 10<\/div><div>1130 Vienna<\/div><\/div>\t\t\t\t\t\t\t\t<\/div>\n\t\t\t\t<\/div>\n\t\t\t\t<div class=\"elementor-element elementor-element-7f83760 elementor-icon-list--layout-traditional elementor-list-item-link-full_width sc_fly_static elementor-widget elementor-widget-icon-list\" data-id=\"7f83760\" data-element_type=\"widget\" data-e-type=\"widget\" data-widget_type=\"icon-list.default\">\n\t\t\t\t<div class=\"elementor-widget-container\">\n\t\t\t\t\t\t\t<ul class=\"elementor-icon-list-items\">\n\t\t\t\t\t\t\t<li class=\"elementor-icon-list-item\">\n\t\t\t\t\t\t\t\t\t\t\t<a href=\"tel:+43%20664%20230%206111\">\n\n\t\t\t\t\t\t\t\t\t\t\t<span class=\"elementor-icon-list-text\">+43 664 230 6111<\/span>\n\t\t\t\t\t\t\t\t\t\t\t<\/a>\n\t\t\t\t\t\t\t\t\t<\/li>\n\t\t\t\t\t\t\t\t<li class=\"elementor-icon-list-item\">\n\t\t\t\t\t\t\t\t\t\t\t<a href=\"tel:+393802322010%20%20\">\n\n\t\t\t\t\t\t\t\t\t\t\t<span class=\"elementor-icon-list-text\">+39 380 232 2010  <\/span>\n\t\t\t\t\t\t\t\t\t\t\t<\/a>\n\t\t\t\t\t\t\t\t\t<\/li>\n\t\t\t\t\t\t\t\t<li class=\"elementor-icon-list-item\">\n\t\t\t\t\t\t\t\t\t\t\t<a href=\"mailto:info@immoapulien.com\">\n\n\t\t\t\t\t\t\t\t\t\t\t<span class=\"elementor-icon-list-text\">info@immoapulien.com<\/span>\n\t\t\t\t\t\t\t\t\t\t\t<\/a>\n\t\t\t\t\t\t\t\t\t<\/li>\n\t\t\t\t\t\t<\/ul>\n\t\t\t\t\t\t<\/div>\n\t\t\t\t<\/div>\n\t\t\t\t<div class=\"elementor-element elementor-element-2ea3bea sc_fly_static elementor-widget elementor-widget-text-editor\" data-id=\"2ea3bea\" data-element_type=\"widget\" data-e-type=\"widget\" data-widget_type=\"text-editor.default\">\n\t\t\t\t<div class=\"elementor-widget-container\">\n\t\t\t\t\t\t\t\t\t<p>FN 376139 x<\/p>\n<p>ATU67468607<\/p>\n<p>Oggetto sociale: Gestione di una scuola di equitazione e di un centro di equitazione Allevamento di cavalli<\/p>\n<p>Autorit\u00e0 ai sensi della legge sul commercio elettronico (ECG): Ufficio distrettuale del XIII Distretto<\/p>\n<p>Legislazione applicabile: Regolamenti commerciali per le strutture ricreative e sportive&nbsp;<\/p>\n<p>Ulteriore autorit\u00e0 di vigilanza (secondo l'ECG): Associazione provinciale delle imprese del tempo libero e dello sport&nbsp;<\/p>\n<p>Informazioni sulla risoluzione delle controversie online: I consumatori hanno la possibilit\u00e0 di presentare reclami alla piattaforma di risoluzione delle controversie online dell'Unione Europea: http:\/\/ec.europa.eu\/odr. \u00c8 inoltre possibile inviare eventuali reclami all'indirizzo e-mail indicato sopra.<\/p>\n<p>Copyright<\/p>\n<p>Si riferisce a qualsiasi progetto di sito web, a qualsiasi testo, a qualsiasi grafica, a qualsiasi selezione o layout dello stesso. Tutti i diritti sono riservati. La copia o la riproduzione dell'intero sito web o di parti di esso \u00e8 autorizzata solo allo scopo di effettuare un ordine a&nbsp;<span style=\"font-family: -apple-system, &quot;system-ui&quot;, &quot;Segoe UI&quot;, Roboto, &quot;Helvetica Neue&quot;, Arial, &quot;Noto Sans&quot;, sans-serif, &quot;Apple Color Emoji&quot;, &quot;Segoe UI Emoji&quot;, &quot;Segoe UI Symbol&quot;, &quot;Noto Color Emoji&quot;; font-size: 18px; font-style: normal; font-weight: 400; letter-spacing: 0.288px;\">Mithras GmbH<\/span>&nbsp;o allo scopo di utilizzare questo sito web come risorsa per gli acquisti.<br>Qualsiasi altro uso dei materiali o delle informazioni disponibili su questo sito web - compresa la riproduzione, la ridistribuzione, la modifica e la pubblicazione per scopi diversi da quelli sopra indicati - \u00e8 vietato a meno che,&nbsp;<span style=\"font-family: -apple-system, &quot;system-ui&quot;, &quot;Segoe UI&quot;, Roboto, &quot;Helvetica Neue&quot;, Arial, &quot;Noto Sans&quot;, sans-serif, &quot;Apple Color Emoji&quot;, &quot;Segoe UI Emoji&quot;, &quot;Segoe UI Symbol&quot;, &quot;Noto Color Emoji&quot;; font-size: 18px; font-style: normal; font-weight: 400; letter-spacing: 0.288px;\">Mithras GmbH<\/span>&nbsp;ha dato il suo preventivo consenso scritto.<\/p>\n<p>Esclusione di responsabilit\u00e0:<\/p>\n<p>Responsabilit\u00e0 per i contenuti<\/p>\n<p>I contenuti delle nostre pagine sono stati creati con la massima cura. Tuttavia, non ci assumiamo alcuna responsabilit\u00e0 per l'accuratezza, la completezza, l'attualit\u00e0 e la qualit\u00e0 dei contenuti.<br>Le richieste di responsabilit\u00e0 nei confronti di Mithras GmbH relative a danni materiali o morali causati dall'utilizzo o dal mancato utilizzo delle informazioni fornite o dall'utilizzo di informazioni errate o incomplete sono fondamentalmente escluse, a meno che non si dimostri il dolo o la grave negligenza di Mithras GmbH.<br>Tutte le offerte sono soggette a modifiche e non vincolanti. Mithras GmbH si riserva espressamente il diritto di modificare, integrare o cancellare parti delle pagine o l'intera offerta senza preavviso o di interrompere temporaneamente o definitivamente la pubblicazione.<\/p>\n<p>Responsabilit\u00e0 per i link<\/p>\n<p>Il nostro sito web contiene link a siti esterni di terzi sui cui contenuti non abbiamo alcuna influenza. Pertanto, non ci assumiamo alcuna responsabilit\u00e0 per questi contenuti di terzi. Il rispettivo fornitore o gestore delle pagine \u00e8 sempre responsabile del contenuto delle pagine collegate. Le pagine collegate sono state controllate per verificare eventuali violazioni legali al momento del collegamento.<br>I contenuti illegali non erano riconoscibili al momento del collegamento. Tuttavia, il monitoraggio permanente del contenuto delle pagine collegate non \u00e8 ragionevole in assenza di prove concrete di una violazione. Nel caso in cui venissimo a conoscenza di violazioni di legge, provvederemo a rimuovere immediatamente tali link.<\/p>\n<p>Diritto d'autore e di etichettatura<\/p>\n<p>L'autore si impegna a rispettare i diritti d'autore dei grafici, dei documenti sonori, delle sequenze video e dei testi utilizzati in tutte le pubblicazioni, a utilizzare grafici, documenti sonori, sequenze video e testi creati da lui stesso o a fare uso di grafici, documenti sonori, sequenze video e testi privi di licenza.Tutti i marchi e le marche citati sul sito web ed eventualmente protetti da terzi sono soggetti senza limitazioni alle disposizioni del diritto dei marchi in vigore e ai diritti di propriet\u00e0 dei rispettivi proprietari registrati. La semplice menzione di un marchio non implica che esso non sia protetto da diritti di terzi!<br>Il copyright per gli oggetti pubblicati creati dall'autore stesso rimane esclusivamente dell'autore delle pagine. La duplicazione o l'utilizzo di oggetti come diagrammi, suoni o testi in altre pubblicazioni elettroniche o stampate non \u00e8 consentita senza il consenso dell'autore.<\/p>\n<p>Validit\u00e0 legale della presente clausola di esclusione della responsabilit\u00e0<\/p>\n<p>La presente dichiarazione di non responsabilit\u00e0 deve essere considerata parte integrante della pubblicazione internet da cui siete stati indirizzati. Se sezioni o singoli termini di questa dichiarazione non sono legali o corretti, il contenuto o la validit\u00e0 delle altre parti non sono influenzati da questo fatto.<\/p>\n<p>Tutti i diritti riservati.<\/p>\t\t\t\t\t\t\t\t<\/div>\n\t\t\t\t<\/div>\n\t\t\t\t<div class=\"elementor-element elementor-element-974ff6f sc_fly_static elementor-widget elementor-widget-spacer\" data-id=\"974ff6f\" data-element_type=\"widget\" data-e-type=\"widget\" data-widget_type=\"spacer.default\">\n\t\t\t\t<div class=\"elementor-widget-container\">\n\t\t\t\t\t\t\t<div class=\"elementor-spacer\">\n\t\t\t<div class=\"elementor-spacer-inner\"><\/div>\n\t\t<\/div>\n\t\t\t\t\t\t<\/div>\n\t\t\t\t<\/div>\n\t\t\t\t<div class=\"elementor-element elementor-element-3ffc224 sc_fly_static elementor-widget elementor-widget-heading\" data-id=\"3ffc224\" data-element_type=\"widget\" data-e-type=\"widget\" data-widget_type=\"heading.default\">\n\t\t\t\t<div class=\"elementor-widget-container\">\n\t\t\t\t\t<h4 class=\"elementor-heading-title elementor-size-default\">Creazione e implementazione del sito web da parte di:<\/h4>\t\t\t\t<\/div>\n\t\t\t\t<\/div>\n\t\t\t\t<div class=\"elementor-element elementor-element-20b048c sc_fly_static elementor-widget elementor-widget-heading\" data-id=\"20b048c\" data-element_type=\"widget\" data-e-type=\"widget\" data-widget_type=\"heading.default\">\n\t\t\t\t<div class=\"elementor-widget-container\">\n\t\t\t\t\t<h3 class=\"elementor-heading-title elementor-size-default\">Reboot IT Solution e.U. <\/h3>\t\t\t\t<\/div>\n\t\t\t\t<\/div>\n\t\t\t\t<div class=\"elementor-element elementor-element-a143238 sc_fly_static elementor-widget elementor-widget-text-editor\" data-id=\"a143238\" data-element_type=\"widget\" data-e-type=\"widget\" data-widget_type=\"text-editor.default\">\n\t\t\t\t<div class=\"elementor-widget-container\">\n\t\t\t\t\t\t\t\t\t<p>Schulgasse 48<br \/>6850 Dornbirn<br \/>Austria<\/p>\t\t\t\t\t\t\t\t<\/div>\n\t\t\t\t<\/div>\n\t\t\t\t<div class=\"elementor-element elementor-element-6dc5176 elementor-icon-list--layout-inline elementor-list-item-link-full_width sc_fly_static elementor-widget elementor-widget-icon-list\" data-id=\"6dc5176\" data-element_type=\"widget\" data-e-type=\"widget\" data-widget_type=\"icon-list.default\">\n\t\t\t\t<div class=\"elementor-widget-container\">\n\t\t\t\t\t\t\t<ul class=\"elementor-icon-list-items elementor-inline-items\">\n\t\t\t\t\t\t\t<li class=\"elementor-icon-list-item elementor-inline-item\">\n\t\t\t\t\t\t\t\t\t\t\t<a href=\"mailto:office@reboot.at\">\n\n\t\t\t\t\t\t\t\t\t\t\t<span class=\"elementor-icon-list-text\">office@reboot.at<\/span>\n\t\t\t\t\t\t\t\t\t\t\t<\/a>\n\t\t\t\t\t\t\t\t\t<\/li>\n\t\t\t\t\t\t\t\t<li class=\"elementor-icon-list-item elementor-inline-item\">\n\t\t\t\t\t\t\t\t\t\t\t<a href=\"https:\/\/www.reboot.at\" target=\"_blank\">\n\n\t\t\t\t\t\t\t\t\t\t\t<span class=\"elementor-icon-list-text\">https:\/\/www.reboot.at<\/span>\n\t\t\t\t\t\t\t\t\t\t\t<\/a>\n\t\t\t\t\t\t\t\t\t<\/li>\n\t\t\t\t\t\t<\/ul>\n\t\t\t\t\t\t<\/div>\n\t\t\t\t<\/div>\n\t\t\t\t\t<\/div>\n\t\t<\/div>\n\t\t\t\t\t<\/div>\n\t\t<\/section>\n\t\t\t\t<\/div>","protected":false},"excerpt":{"rendered":"<p>Impronta: Obbligo di informazione ai sensi del \u00a75 della legge sul commercio elettronico, del \u00a714 del codice commerciale austriaco, del \u00a763 del codice industriale e obbligo di divulgazione ai sensi del \u00a725 della legge sui mediaMithras Ges.m.b.HDirettore responsabile: Elisabeth Junasek Kleiner Ring 101130 Vienna +43 664 230 6111 +39 380 232 2010 info@immoapulien.com...<\/p>","protected":false},"author":1,"featured_media":0,"parent":0,"menu_order":0,"comment_status":"closed","ping_status":"closed","template":"","meta":{"footnotes":""},"class_list":["post-23477","page","type-page","status-publish","hentry"],"yoast_head":"<!-- This site is optimized with the Yoast SEO Premium plugin v25.4 (Yoast SEO v27.2) - https:\/\/yoast.com\/product\/yoast-seo-premium-wordpress\/ -->\n<title>Impressum - ImmoApulien<\/title>\n<meta name=\"robots\" content=\"index, follow, max-snippet:-1, max-image-preview:large, max-video-preview:-1\" \/>\n<link rel=\"canonical\" href=\"https:\/\/www.immoapulien.com\/it\/impressum\/\" \/>\n<meta property=\"og:locale\" content=\"it_IT\" \/>\n<meta property=\"og:type\" content=\"article\" \/>\n<meta property=\"og:title\" content=\"Impressum\" \/>\n<meta property=\"og:description\" content=\"Impressum: Informationspflicht laut \u00a75 E-Commerce Gesetz, \u00a714 Unternehmensgesetzbuch, \u00a763 Gewerbeordnung und Offenlegungspflicht laut \u00a725 MediengesetzMithras Ges.m.b.HGesch\u00e4ftsf\u00fchrerin: Elisabeth Junasek\u00a0Kleiner Ring 101130 Wien +43 664 230 6111 +39 380 232 2010 info@immoapulien.com&hellip;\" \/>\n<meta property=\"og:url\" content=\"https:\/\/www.immoapulien.com\/it\/impressum\/\" \/>\n<meta property=\"og:site_name\" content=\"ImmoApulien\" \/>\n<meta property=\"article:modified_time\" content=\"2024-04-15T18:37:55+00:00\" \/>\n<meta name=\"twitter:card\" content=\"summary_large_image\" \/>\n<meta name=\"twitter:label1\" content=\"Tempo di lettura stimato\" \/>\n\t<meta name=\"twitter:data1\" content=\"3 minuti\" \/>\n<script type=\"application\/ld+json\" class=\"yoast-schema-graph\">{\"@context\":\"https:\/\/schema.org\",\"@graph\":[{\"@type\":\"WebPage\",\"@id\":\"https:\/\/www.immoapulien.com\/impressum\/\",\"url\":\"https:\/\/www.immoapulien.com\/impressum\/\",\"name\":\"Impressum - ImmoApulien\",\"isPartOf\":{\"@id\":\"https:\/\/www.immoapulien.com\/#website\"},\"datePublished\":\"2023-06-21T14:43:54+00:00\",\"dateModified\":\"2024-04-15T18:37:55+00:00\",\"breadcrumb\":{\"@id\":\"https:\/\/www.immoapulien.com\/impressum\/#breadcrumb\"},\"inLanguage\":\"it-IT\",\"potentialAction\":[{\"@type\":\"ReadAction\",\"target\":[\"https:\/\/www.immoapulien.com\/impressum\/\"]}]},{\"@type\":\"BreadcrumbList\",\"@id\":\"https:\/\/www.immoapulien.com\/impressum\/#breadcrumb\",\"itemListElement\":[{\"@type\":\"ListItem\",\"position\":1,\"name\":\"Startseite\",\"item\":\"https:\/\/www.immoapulien.com\/\"},{\"@type\":\"ListItem\",\"position\":2,\"name\":\"Impressum\"}]},{\"@type\":\"WebSite\",\"@id\":\"https:\/\/www.immoapulien.com\/#website\",\"url\":\"https:\/\/www.immoapulien.com\/\",\"name\":\"ImmoApulien\",\"description\":\"Finden Sie Ihre Luxus Immobilie in Apulien\",\"publisher\":{\"@id\":\"https:\/\/www.immoapulien.com\/#organization\"},\"potentialAction\":[{\"@type\":\"SearchAction\",\"target\":{\"@type\":\"EntryPoint\",\"urlTemplate\":\"https:\/\/www.immoapulien.com\/?s={search_term_string}\"},\"query-input\":{\"@type\":\"PropertyValueSpecification\",\"valueRequired\":true,\"valueName\":\"search_term_string\"}}],\"inLanguage\":\"it-IT\"},{\"@type\":\"Organization\",\"@id\":\"https:\/\/www.immoapulien.com\/#organization\",\"name\":\"ImmoApulien\",\"url\":\"https:\/\/www.immoapulien.com\/\",\"logo\":{\"@type\":\"ImageObject\",\"inLanguage\":\"it-IT\",\"@id\":\"https:\/\/www.immoapulien.com\/#\/schema\/logo\/image\/\",\"url\":\"https:\/\/www.immoapulien.com\/wp-content\/uploads\/2023\/04\/logo.png\",\"contentUrl\":\"https:\/\/www.immoapulien.com\/wp-content\/uploads\/2023\/04\/logo.png\",\"width\":300,\"height\":163,\"caption\":\"ImmoApulien\"},\"image\":{\"@id\":\"https:\/\/www.immoapulien.com\/#\/schema\/logo\/image\/\"}}]}<\/script>\n<!-- \/ Yoast SEO Premium plugin. -->","yoast_head_json":{"title":"Impronta - ImmoApulia","robots":{"index":"index","follow":"follow","max-snippet":"max-snippet:-1","max-image-preview":"max-image-preview:large","max-video-preview":"max-video-preview:-1"},"canonical":"https:\/\/www.immoapulien.com\/it\/impressum\/","og_locale":"it_IT","og_type":"article","og_title":"Impressum","og_description":"Impressum: Informationspflicht laut \u00a75 E-Commerce Gesetz, \u00a714 Unternehmensgesetzbuch, \u00a763 Gewerbeordnung und Offenlegungspflicht laut \u00a725 MediengesetzMithras Ges.m.b.HGesch\u00e4ftsf\u00fchrerin: Elisabeth Junasek\u00a0Kleiner Ring 101130 Wien +43 664 230 6111 +39 380 232 2010 info@immoapulien.com&hellip;","og_url":"https:\/\/www.immoapulien.com\/it\/impressum\/","og_site_name":"ImmoApulien","article_modified_time":"2024-04-15T18:37:55+00:00","twitter_card":"summary_large_image","twitter_misc":{"Tempo di lettura stimato":"3 minuti"},"schema":{"@context":"https:\/\/schema.org","@graph":[{"@type":"WebPage","@id":"https:\/\/www.immoapulien.com\/impressum\/","url":"https:\/\/www.immoapulien.com\/impressum\/","name":"Impronta - ImmoApulia","isPartOf":{"@id":"https:\/\/www.immoapulien.com\/#website"},"datePublished":"2023-06-21T14:43:54+00:00","dateModified":"2024-04-15T18:37:55+00:00","breadcrumb":{"@id":"https:\/\/www.immoapulien.com\/impressum\/#breadcrumb"},"inLanguage":"it-IT","potentialAction":[{"@type":"ReadAction","target":["https:\/\/www.immoapulien.com\/impressum\/"]}]},{"@type":"BreadcrumbList","@id":"https:\/\/www.immoapulien.com\/impressum\/#breadcrumb","itemListElement":[{"@type":"ListItem","position":1,"name":"Startseite","item":"https:\/\/www.immoapulien.com\/"},{"@type":"ListItem","position":2,"name":"Impressum"}]},{"@type":"WebSite","@id":"https:\/\/www.immoapulien.com\/#website","url":"https:\/\/www.immoapulien.com\/","name":"ImmoApulia","description":"Trova la tua propriet\u00e0 di lusso in Puglia","publisher":{"@id":"https:\/\/www.immoapulien.com\/#organization"},"potentialAction":[{"@type":"SearchAction","target":{"@type":"EntryPoint","urlTemplate":"https:\/\/www.immoapulien.com\/?s={search_term_string}"},"query-input":{"@type":"PropertyValueSpecification","valueRequired":true,"valueName":"search_term_string"}}],"inLanguage":"it-IT"},{"@type":"Organization","@id":"https:\/\/www.immoapulien.com\/#organization","name":"ImmoApulia","url":"https:\/\/www.immoapulien.com\/","logo":{"@type":"ImageObject","inLanguage":"it-IT","@id":"https:\/\/www.immoapulien.com\/#\/schema\/logo\/image\/","url":"https:\/\/www.immoapulien.com\/wp-content\/uploads\/2023\/04\/logo.png","contentUrl":"https:\/\/www.immoapulien.com\/wp-content\/uploads\/2023\/04\/logo.png","width":300,"height":163,"caption":"ImmoApulien"},"image":{"@id":"https:\/\/www.immoapulien.com\/#\/schema\/logo\/image\/"}}]}},"_links":{"self":[{"href":"https:\/\/www.immoapulien.com\/it\/wp-json\/wp\/v2\/pages\/23477","targetHints":{"allow":["GET"]}}],"collection":[{"href":"https:\/\/www.immoapulien.com\/it\/wp-json\/wp\/v2\/pages"}],"about":[{"href":"https:\/\/www.immoapulien.com\/it\/wp-json\/wp\/v2\/types\/page"}],"author":[{"embeddable":true,"href":"https:\/\/www.immoapulien.com\/it\/wp-json\/wp\/v2\/users\/1"}],"replies":[{"embeddable":true,"href":"https:\/\/www.immoapulien.com\/it\/wp-json\/wp\/v2\/comments?post=23477"}],"version-history":[{"count":24,"href":"https:\/\/www.immoapulien.com\/it\/wp-json\/wp\/v2\/pages\/23477\/revisions"}],"predecessor-version":[{"id":26931,"href":"https:\/\/www.immoapulien.com\/it\/wp-json\/wp\/v2\/pages\/23477\/revisions\/26931"}],"wp:attachment":[{"href":"https:\/\/www.immoapulien.com\/it\/wp-json\/wp\/v2\/media?parent=23477"}],"curies":[{"name":"wp","href":"https:\/\/api.w.org\/{rel}","templated":true}]}}