{"id":23982,"date":"2023-07-13T15:04:55","date_gmt":"2023-07-13T13:04:55","guid":{"rendered":"https:\/\/www.immoapulien.com\/?page_id=23982"},"modified":"2023-08-06T21:58:57","modified_gmt":"2023-08-06T19:58:57","slug":"immobilie-apulien-verkaufen","status":"publish","type":"page","link":"https:\/\/www.immoapulien.com\/it\/immobilie-apulien-verkaufen\/","title":{"rendered":"Vendere la propriet\u00e0"},"content":{"rendered":"\t\t<div data-elementor-type=\"wp-page\" data-elementor-id=\"23982\" class=\"elementor elementor-23982\" data-elementor-post-type=\"page\">\n\t\t\t\t\t\t<section class=\"has_ae_slider elementor-section elementor-top-section elementor-element elementor-element-8a462b4 elementor-section-boxed elementor-section-height-default elementor-section-height-default ae-bg-gallery-type-default sc_fly_static\" data-id=\"8a462b4\" data-element_type=\"section\" data-e-type=\"section\">\n\t\t\t\t\t\t<div class=\"elementor-container elementor-column-gap-extended\">\n\t\t\t\t\t<div class=\"has_ae_slider elementor-column elementor-col-50 elementor-top-column elementor-element elementor-element-d51d021 sc-mobile_inner_width_none sc_content_align_inherit sc_layouts_column_icons_position_left ae-bg-gallery-type-default sc_fly_static\" data-id=\"d51d021\" data-element_type=\"column\" data-e-type=\"column\">\n\t\t\t<div class=\"elementor-widget-wrap elementor-element-populated\">\n\t\t\t\t\t\t<div class=\"elementor-element elementor-element-56b29c1 title_style_h1 sc_fly_static elementor-widget elementor-widget-trx_sc_title\" data-id=\"56b29c1\" data-element_type=\"widget\" data-e-type=\"widget\" data-widget_type=\"trx_sc_title.default\">\n\t\t\t\t<div class=\"elementor-widget-container\">\n\t\t\t\t\t<div\t\tclass=\"sc_title sc_title_default\" ><span class=\"sc_item_subtitle sc_title_subtitle sc_item_subtitle_above sc_item_title_style_default\">Stressfrei verkaufen mit ImmoApulien<\/span><h2 class=\"sc_item_title sc_title_title sc_item_title_style_default sc_item_title_tag\"\n\t\t\t><span class=\"sc_item_title_text\">verkauf ihrer Immobilie<\/span><\/h2><\/div>\t\t\t\t<\/div>\n\t\t\t\t<\/div>\n\t\t\t\t<section class=\"has_ae_slider elementor-section elementor-inner-section elementor-element elementor-element-d759784 elementor-section-boxed elementor-section-height-default elementor-section-height-default ae-bg-gallery-type-default sc_fly_static\" data-id=\"d759784\" data-element_type=\"section\" data-e-type=\"section\">\n\t\t\t\t\t\t<div class=\"elementor-container elementor-column-gap-no\">\n\t\t\t\t\t<div class=\"has_ae_slider elementor-column elementor-col-50 elementor-inner-column elementor-element elementor-element-1d9f4ed sc_content_align_inherit sc_layouts_column_icons_position_left ae-bg-gallery-type-default sc_fly_static\" data-id=\"1d9f4ed\" data-element_type=\"column\" data-e-type=\"column\">\n\t\t\t<div class=\"elementor-widget-wrap elementor-element-populated\">\n\t\t\t\t\t\t<div class=\"elementor-element elementor-element-8808d48 sc_layouts_hide_on_mobile elementor-widget-divider--view-line sc_fly_static elementor-widget elementor-widget-divider\" data-id=\"8808d48\" data-element_type=\"widget\" data-e-type=\"widget\" data-widget_type=\"divider.default\">\n\t\t\t\t<div class=\"elementor-widget-container\">\n\t\t\t\t\t\t\t<div class=\"elementor-divider\">\n\t\t\t<span class=\"elementor-divider-separator\">\n\t\t\t\t\t\t<\/span>\n\t\t<\/div>\n\t\t\t\t\t\t<\/div>\n\t\t\t\t<\/div>\n\t\t\t\t\t<\/div>\n\t\t<\/div>\n\t\t\t\t<div class=\"has_ae_slider elementor-column elementor-col-50 elementor-inner-column elementor-element elementor-element-a1a16c6 sc_content_align_inherit sc_layouts_column_icons_position_left ae-bg-gallery-type-default sc_fly_static\" data-id=\"a1a16c6\" data-element_type=\"column\" data-e-type=\"column\">\n\t\t\t<div class=\"elementor-widget-wrap elementor-element-populated\">\n\t\t\t\t\t\t<div class=\"elementor-element elementor-element-1b7d3e6 sc_fly_static elementor-widget elementor-widget-text-editor\" data-id=\"1b7d3e6\" data-element_type=\"widget\" data-e-type=\"widget\" data-widget_type=\"text-editor.default\">\n\t\t\t\t<div class=\"elementor-widget-container\">\n\t\t\t\t\t\t\t\t\t<p>Sie m\u00f6chten Ihre Immobilie in Apulien verkaufen, dann verkaufen Sie Ihre Immobilie stressfrei mit ImmoApulien! Unser Team von Immobilienexperten unterst\u00fctzt Sie dabei, indem es eine gr\u00fcndliche Bewertung Ihres Objekts durchf\u00fchrt und eine erfolgreiche Verkaufsstrategie entwickelt. Wir setzen unsere Marketingkenntnisse ein, um Ihre Immobilie ansprechend zu pr\u00e4sentieren und k\u00fcmmern uns um alle administrativen Aufgaben, die mit dem Verkaufsprozess verbunden sind. Unser oberstes Ziel ist Ihre Zufriedenheit und der erfolgreiche Verkauf Ihrer Immobilie. Kontaktieren Sie uns noch heute f\u00fcr eine pers\u00f6nliche Beratung!<\/p>\t\t\t\t\t\t\t\t<\/div>\n\t\t\t\t<\/div>\n\t\t\t\t<div class=\"elementor-element elementor-element-21c1528 sc_fly_static elementor-widget elementor-widget-spacer\" data-id=\"21c1528\" data-element_type=\"widget\" data-e-type=\"widget\" data-widget_type=\"spacer.default\">\n\t\t\t\t<div class=\"elementor-widget-container\">\n\t\t\t\t\t\t\t<div class=\"elementor-spacer\">\n\t\t\t<div class=\"elementor-spacer-inner\"><\/div>\n\t\t<\/div>\n\t\t\t\t\t\t<\/div>\n\t\t\t\t<\/div>\n\t\t\t\t<div class=\"elementor-element elementor-element-93661a9 sc_fly_static elementor-widget elementor-widget-text-editor\" data-id=\"93661a9\" data-element_type=\"widget\" data-e-type=\"widget\" data-widget_type=\"text-editor.default\">\n\t\t\t\t<div class=\"elementor-widget-container\">\n\t\t\t\t\t\t\t\t\t<p>F\u00fcllen Sie dazu das Formular unten auf der Seite aus, wir werden anschlie\u00dfend umgehend Kontakt mit Ihnen aufnehmen.<\/p>\t\t\t\t\t\t\t\t<\/div>\n\t\t\t\t<\/div>\n\t\t\t\t<div class=\"elementor-element elementor-element-9341274 sc_fly_static elementor-widget elementor-widget-spacer\" data-id=\"9341274\" data-element_type=\"widget\" data-e-type=\"widget\" data-widget_type=\"spacer.default\">\n\t\t\t\t<div class=\"elementor-widget-container\">\n\t\t\t\t\t\t\t<div class=\"elementor-spacer\">\n\t\t\t<div class=\"elementor-spacer-inner\"><\/div>\n\t\t<\/div>\n\t\t\t\t\t\t<\/div>\n\t\t\t\t<\/div>\n\t\t\t\t<div class=\"elementor-element elementor-element-f93216a sc_fly_static elementor-widget elementor-widget-text-editor\" data-id=\"f93216a\" data-element_type=\"widget\" data-e-type=\"widget\" data-widget_type=\"text-editor.default\">\n\t\t\t\t<div class=\"elementor-widget-container\">\n\t\t\t\t\t\t\t\t\t<p>Hier finden Sie weitere Informationen zum Ablauf.<\/p>\t\t\t\t\t\t\t\t<\/div>\n\t\t\t\t<\/div>\n\t\t\t\t<div class=\"elementor-element elementor-element-0027d91 sc_fly_static elementor-widget elementor-widget-spacer\" data-id=\"0027d91\" data-element_type=\"widget\" data-e-type=\"widget\" data-widget_type=\"spacer.default\">\n\t\t\t\t<div class=\"elementor-widget-container\">\n\t\t\t\t\t\t\t<div class=\"elementor-spacer\">\n\t\t\t<div class=\"elementor-spacer-inner\"><\/div>\n\t\t<\/div>\n\t\t\t\t\t\t<\/div>\n\t\t\t\t<\/div>\n\t\t\t\t<div class=\"elementor-element elementor-element-531ec4d sc_fly_static elementor-widget elementor-widget-trx_sc_button\" data-id=\"531ec4d\" data-element_type=\"widget\" data-e-type=\"widget\" data-widget_type=\"trx_sc_button.default\">\n\t\t\t\t<div class=\"elementor-widget-container\">\n\t\t\t\t\t<div\tclass=\"sc_item_button sc_button_wrap\" ><a href=\"https:\/\/www.immoapulien.com\/immobilie-verkaufen\/immobilien-verkaufen-ablauf\/\" class=\"sc_button sc_button_default sc_button_size_normal sc_button_icon_left\" ><span class=\"sc_button_text\"><span class=\"sc_button_title\">Zum Ablauf<\/span><\/span><\/a><\/div>\t\t\t\t<\/div>\n\t\t\t\t<\/div>\n\t\t\t\t\t<\/div>\n\t\t<\/div>\n\t\t\t\t\t<\/div>\n\t\t<\/section>\n\t\t\t\t\t<\/div>\n\t\t<\/div>\n\t\t\t\t<div class=\"has_ae_slider elementor-column elementor-col-50 elementor-top-column elementor-element elementor-element-e2ff51d sc_content_align_inherit sc_layouts_column_icons_position_left ae-bg-gallery-type-default sc_fly_static\" data-id=\"e2ff51d\" data-element_type=\"column\" data-e-type=\"column\">\n\t\t\t<div class=\"elementor-widget-wrap elementor-element-populated\">\n\t\t\t\t\t\t<div class=\"elementor-element elementor-element-5a8ca83 elementor-pagination-position-inside elementor-arrows-position-inside sc_fly_static elementor-widget elementor-widget-image-carousel\" data-id=\"5a8ca83\" data-element_type=\"widget\" data-e-type=\"widget\" data-settings=\"{&quot;slides_to_show&quot;:&quot;1&quot;,&quot;navigation&quot;:&quot;both&quot;,&quot;autoplay&quot;:&quot;yes&quot;,&quot;pause_on_hover&quot;:&quot;yes&quot;,&quot;pause_on_interaction&quot;:&quot;yes&quot;,&quot;autoplay_speed&quot;:5000,&quot;infinite&quot;:&quot;yes&quot;,&quot;effect&quot;:&quot;slide&quot;,&quot;speed&quot;:500}\" data-widget_type=\"image-carousel.default\">\n\t\t\t\t<div class=\"elementor-widget-container\">\n\t\t\t\t\t\t\t<div class=\"elementor-image-carousel-wrapper swiper\" role=\"region\" aria-roledescription=\"carousel\" aria-label=\"Image Carousel\" dir=\"ltr\">\n\t\t\t<div class=\"elementor-image-carousel swiper-wrapper\" aria-live=\"off\">\n\t\t\t\t\t\t\t\t<div class=\"swiper-slide\" role=\"group\" aria-roledescription=\"slide\" aria-label=\"1 of 3\"><figure class=\"swiper-slide-inner\"><img decoding=\"async\" class=\"swiper-slide-image\" src=\"https:\/\/www.immoapulien.com\/wp-content\/uploads\/2023\/07\/image006-1024x768.jpg\" alt=\"image006\" \/><\/figure><\/div><div class=\"swiper-slide\" role=\"group\" aria-roledescription=\"slide\" aria-label=\"2 of 3\"><figure class=\"swiper-slide-inner\"><img decoding=\"async\" class=\"swiper-slide-image\" src=\"https:\/\/www.immoapulien.com\/wp-content\/uploads\/2023\/07\/image005-1024x787.jpg\" alt=\"image005\" \/><\/figure><\/div><div class=\"swiper-slide\" role=\"group\" aria-roledescription=\"slide\" aria-label=\"3 of 3\"><figure class=\"swiper-slide-inner\"><img decoding=\"async\" class=\"swiper-slide-image\" src=\"https:\/\/www.immoapulien.com\/wp-content\/uploads\/2023\/07\/image004-1024x768.jpg\" alt=\"image004\" \/><\/figure><\/div>\t\t\t<\/div>\n\t\t\t\t\t\t\t\t\t\t\t\t<div class=\"elementor-swiper-button elementor-swiper-button-prev\" role=\"button\" tabindex=\"0\">\n\t\t\t\t\t\t<i aria-hidden=\"true\" class=\"eicon-chevron-left\"><\/i>\t\t\t\t\t<\/div>\n\t\t\t\t\t<div class=\"elementor-swiper-button elementor-swiper-button-next\" role=\"button\" tabindex=\"0\">\n\t\t\t\t\t\t<i aria-hidden=\"true\" class=\"eicon-chevron-right\"><\/i>\t\t\t\t\t<\/div>\n\t\t\t\t\n\t\t\t\t\t\t\t\t\t<div class=\"swiper-pagination\"><\/div>\n\t\t\t\t\t\t\t\t\t<\/div>\n\t\t\t\t\t\t<\/div>\n\t\t\t\t<\/div>\n\t\t\t\t\t<\/div>\n\t\t<\/div>\n\t\t\t\t\t<\/div>\n\t\t<\/section>\n\t\t\t\t<section class=\"has_ae_slider elementor-section elementor-top-section elementor-element elementor-element-4041e15 elementor-section-boxed elementor-section-height-default elementor-section-height-default ae-bg-gallery-type-default sc_fly_static\" data-id=\"4041e15\" data-element_type=\"section\" data-e-type=\"section\">\n\t\t\t\t\t\t<div class=\"elementor-container elementor-column-gap-extended\">\n\t\t\t\t\t<div class=\"has_ae_slider elementor-column elementor-col-100 elementor-top-column elementor-element elementor-element-6289dea sc_content_align_inherit sc_layouts_column_icons_position_left ae-bg-gallery-type-default sc_fly_static\" data-id=\"6289dea\" data-element_type=\"column\" data-e-type=\"column\">\n\t\t\t<div class=\"elementor-widget-wrap\">\n\t\t\t\t\t\t\t<\/div>\n\t\t<\/div>\n\t\t\t\t\t<\/div>\n\t\t<\/section>\n\t\t\t\t<section class=\"has_ae_slider elementor-section elementor-top-section elementor-element elementor-element-6f5fd2c elementor-section-boxed elementor-section-height-default elementor-section-height-default ae-bg-gallery-type-default sc_fly_static\" data-id=\"6f5fd2c\" data-element_type=\"section\" data-e-type=\"section\">\n\t\t\t\t\t\t<div class=\"elementor-container elementor-column-gap-extended\">\n\t\t\t\t\t<div class=\"has_ae_slider elementor-column elementor-col-100 elementor-top-column elementor-element elementor-element-fb7a6a0 sc_content_align_inherit sc_layouts_column_icons_position_left ae-bg-gallery-type-default sc_fly_static\" data-id=\"fb7a6a0\" data-element_type=\"column\" data-e-type=\"column\">\n\t\t\t<div class=\"elementor-widget-wrap elementor-element-populated\">\n\t\t\t\t\t\t<div class=\"elementor-element elementor-element-df2025e sc_fly_static elementor-widget elementor-widget-heading\" data-id=\"df2025e\" data-element_type=\"widget\" data-e-type=\"widget\" data-widget_type=\"heading.default\">\n\t\t\t\t<div class=\"elementor-widget-container\">\n\t\t\t\t\t<h2 class=\"elementor-heading-title elementor-size-default\">Anfragen<\/h2>\t\t\t\t<\/div>\n\t\t\t\t<\/div>\n\t\t\t\t<div class=\"elementor-element elementor-element-d7b271e sc_fly_static elementor-widget elementor-widget-shortcode\" data-id=\"d7b271e\" data-element_type=\"widget\" data-e-type=\"widget\" data-widget_type=\"shortcode.default\">\n\t\t\t\t<div class=\"elementor-widget-container\">\n\t\t\t\t\t\t\t<div class=\"elementor-shortcode\">[gravityform id=\"1\" title=\"false\"]<\/div>\n\t\t\t\t\t\t<\/div>\n\t\t\t\t<\/div>\n\t\t\t\t\t<\/div>\n\t\t<\/div>\n\t\t\t\t\t<\/div>\n\t\t<\/section>\n\t\t\t\t<\/div>\n\t\t","protected":false},"excerpt":{"rendered":"<p>Vendita senza stress della vostra propriet\u00e0 con ImmoApulia Se volete vendere la vostra propriet\u00e0 in Puglia, allora vendete la vostra propriet\u00e0 senza stress con ImmoApulia! Il nostro team di esperti immobiliari vi supporter\u00e0...<\/p>","protected":false},"author":1,"featured_media":0,"parent":0,"menu_order":0,"comment_status":"closed","ping_status":"closed","template":"","meta":{"footnotes":""},"class_list":["post-23982","page","type-page","status-publish","hentry"],"yoast_head":"<!-- This site is optimized with the Yoast SEO Premium plugin v25.4 (Yoast SEO v27.2) - https:\/\/yoast.com\/product\/yoast-seo-premium-wordpress\/ -->\n<title>Immobilie in Apulien verkaufen - ImmoApulien<\/title>\n<meta name=\"description\" content=\"Eine Immobilie in Apulien verkaufen mit der Hilfe von unseren Experten. Wir bewerten Ihr Objekt und k\u00fcmmern uns um den Verkauf\" \/>\n<meta name=\"robots\" content=\"index, follow, max-snippet:-1, max-image-preview:large, max-video-preview:-1\" \/>\n<link rel=\"canonical\" href=\"https:\/\/www.immoapulien.com\/it\/immobilie-apulien-verkaufen\/\" \/>\n<meta property=\"og:locale\" content=\"it_IT\" \/>\n<meta property=\"og:type\" content=\"article\" \/>\n<meta property=\"og:title\" content=\"Immobilie verkaufen\" \/>\n<meta property=\"og:description\" content=\"Eine Immobilie in Apulien verkaufen mit der Hilfe von unseren Experten. Wir bewerten Ihr Objekt und k\u00fcmmern uns um den Verkauf\" \/>\n<meta property=\"og:url\" content=\"https:\/\/www.immoapulien.com\/it\/immobilie-apulien-verkaufen\/\" \/>\n<meta property=\"og:site_name\" content=\"ImmoApulien\" \/>\n<meta property=\"article:modified_time\" content=\"2023-08-06T19:58:57+00:00\" \/>\n<meta property=\"og:image\" content=\"https:\/\/www.immoapulien.com\/wp-content\/uploads\/2023\/07\/image006-1024x768.jpg\" \/>\n<meta name=\"twitter:card\" content=\"summary_large_image\" \/>\n<meta name=\"twitter:label1\" content=\"Tempo di lettura stimato\" \/>\n\t<meta name=\"twitter:data1\" content=\"2 minuti\" \/>\n<script type=\"application\/ld+json\" class=\"yoast-schema-graph\">{\"@context\":\"https:\/\/schema.org\",\"@graph\":[{\"@type\":\"WebPage\",\"@id\":\"https:\/\/www.immoapulien.com\/immobilie-apulien-verkaufen\/\",\"url\":\"https:\/\/www.immoapulien.com\/immobilie-apulien-verkaufen\/\",\"name\":\"Immobilie in Apulien verkaufen - ImmoApulien\",\"isPartOf\":{\"@id\":\"https:\/\/www.immoapulien.com\/#website\"},\"primaryImageOfPage\":{\"@id\":\"https:\/\/www.immoapulien.com\/immobilie-apulien-verkaufen\/#primaryimage\"},\"image\":{\"@id\":\"https:\/\/www.immoapulien.com\/immobilie-apulien-verkaufen\/#primaryimage\"},\"thumbnailUrl\":\"https:\/\/www.immoapulien.com\/wp-content\/uploads\/2023\/07\/image006-1024x768.jpg\",\"datePublished\":\"2023-07-13T13:04:55+00:00\",\"dateModified\":\"2023-08-06T19:58:57+00:00\",\"description\":\"Eine Immobilie in Apulien verkaufen mit der Hilfe von unseren Experten. Wir bewerten Ihr Objekt und k\u00fcmmern uns um den Verkauf\",\"breadcrumb\":{\"@id\":\"https:\/\/www.immoapulien.com\/immobilie-apulien-verkaufen\/#breadcrumb\"},\"inLanguage\":\"it-IT\",\"potentialAction\":[{\"@type\":\"ReadAction\",\"target\":[\"https:\/\/www.immoapulien.com\/immobilie-apulien-verkaufen\/\"]}]},{\"@type\":\"ImageObject\",\"inLanguage\":\"it-IT\",\"@id\":\"https:\/\/www.immoapulien.com\/immobilie-apulien-verkaufen\/#primaryimage\",\"url\":\"https:\/\/www.immoapulien.com\/wp-content\/uploads\/2023\/07\/image006-1024x768.jpg\",\"contentUrl\":\"https:\/\/www.immoapulien.com\/wp-content\/uploads\/2023\/07\/image006-1024x768.jpg\"},{\"@type\":\"BreadcrumbList\",\"@id\":\"https:\/\/www.immoapulien.com\/immobilie-apulien-verkaufen\/#breadcrumb\",\"itemListElement\":[{\"@type\":\"ListItem\",\"position\":1,\"name\":\"Startseite\",\"item\":\"https:\/\/www.immoapulien.com\/\"},{\"@type\":\"ListItem\",\"position\":2,\"name\":\"Immobilie verkaufen\"}]},{\"@type\":\"WebSite\",\"@id\":\"https:\/\/www.immoapulien.com\/#website\",\"url\":\"https:\/\/www.immoapulien.com\/\",\"name\":\"ImmoApulien\",\"description\":\"Finden Sie Ihre Luxus Immobilie in Apulien\",\"publisher\":{\"@id\":\"https:\/\/www.immoapulien.com\/#organization\"},\"potentialAction\":[{\"@type\":\"SearchAction\",\"target\":{\"@type\":\"EntryPoint\",\"urlTemplate\":\"https:\/\/www.immoapulien.com\/?s={search_term_string}\"},\"query-input\":{\"@type\":\"PropertyValueSpecification\",\"valueRequired\":true,\"valueName\":\"search_term_string\"}}],\"inLanguage\":\"it-IT\"},{\"@type\":\"Organization\",\"@id\":\"https:\/\/www.immoapulien.com\/#organization\",\"name\":\"ImmoApulien\",\"url\":\"https:\/\/www.immoapulien.com\/\",\"logo\":{\"@type\":\"ImageObject\",\"inLanguage\":\"it-IT\",\"@id\":\"https:\/\/www.immoapulien.com\/#\/schema\/logo\/image\/\",\"url\":\"https:\/\/www.immoapulien.com\/wp-content\/uploads\/2023\/04\/logo.png\",\"contentUrl\":\"https:\/\/www.immoapulien.com\/wp-content\/uploads\/2023\/04\/logo.png\",\"width\":300,\"height\":163,\"caption\":\"ImmoApulien\"},\"image\":{\"@id\":\"https:\/\/www.immoapulien.com\/#\/schema\/logo\/image\/\"}}]}<\/script>\n<!-- \/ Yoast SEO Premium plugin. -->","yoast_head_json":{"title":"Propriet\u00e0 in vendita in Puglia - ImmoApulia","description":"Vendete un immobile in Puglia con l'aiuto dei nostri esperti. Valorizziamo la vostra propriet\u00e0 e ci occupiamo della vendita","robots":{"index":"index","follow":"follow","max-snippet":"max-snippet:-1","max-image-preview":"max-image-preview:large","max-video-preview":"max-video-preview:-1"},"canonical":"https:\/\/www.immoapulien.com\/it\/immobilie-apulien-verkaufen\/","og_locale":"it_IT","og_type":"article","og_title":"Immobilie verkaufen","og_description":"Eine Immobilie in Apulien verkaufen mit der Hilfe von unseren Experten. Wir bewerten Ihr Objekt und k\u00fcmmern uns um den Verkauf","og_url":"https:\/\/www.immoapulien.com\/it\/immobilie-apulien-verkaufen\/","og_site_name":"ImmoApulien","article_modified_time":"2023-08-06T19:58:57+00:00","og_image":[{"url":"https:\/\/www.immoapulien.com\/wp-content\/uploads\/2023\/07\/image006-1024x768.jpg","type":"","width":"","height":""}],"twitter_card":"summary_large_image","twitter_misc":{"Tempo di lettura stimato":"2 minuti"},"schema":{"@context":"https:\/\/schema.org","@graph":[{"@type":"WebPage","@id":"https:\/\/www.immoapulien.com\/immobilie-apulien-verkaufen\/","url":"https:\/\/www.immoapulien.com\/immobilie-apulien-verkaufen\/","name":"Propriet\u00e0 in vendita in Puglia - ImmoApulia","isPartOf":{"@id":"https:\/\/www.immoapulien.com\/#website"},"primaryImageOfPage":{"@id":"https:\/\/www.immoapulien.com\/immobilie-apulien-verkaufen\/#primaryimage"},"image":{"@id":"https:\/\/www.immoapulien.com\/immobilie-apulien-verkaufen\/#primaryimage"},"thumbnailUrl":"https:\/\/www.immoapulien.com\/wp-content\/uploads\/2023\/07\/image006-1024x768.jpg","datePublished":"2023-07-13T13:04:55+00:00","dateModified":"2023-08-06T19:58:57+00:00","description":"Vendete un immobile in Puglia con l'aiuto dei nostri esperti. Valorizziamo la vostra propriet\u00e0 e ci occupiamo della vendita","breadcrumb":{"@id":"https:\/\/www.immoapulien.com\/immobilie-apulien-verkaufen\/#breadcrumb"},"inLanguage":"it-IT","potentialAction":[{"@type":"ReadAction","target":["https:\/\/www.immoapulien.com\/immobilie-apulien-verkaufen\/"]}]},{"@type":"ImageObject","inLanguage":"it-IT","@id":"https:\/\/www.immoapulien.com\/immobilie-apulien-verkaufen\/#primaryimage","url":"https:\/\/www.immoapulien.com\/wp-content\/uploads\/2023\/07\/image006-1024x768.jpg","contentUrl":"https:\/\/www.immoapulien.com\/wp-content\/uploads\/2023\/07\/image006-1024x768.jpg"},{"@type":"BreadcrumbList","@id":"https:\/\/www.immoapulien.com\/immobilie-apulien-verkaufen\/#breadcrumb","itemListElement":[{"@type":"ListItem","position":1,"name":"Startseite","item":"https:\/\/www.immoapulien.com\/"},{"@type":"ListItem","position":2,"name":"Immobilie verkaufen"}]},{"@type":"WebSite","@id":"https:\/\/www.immoapulien.com\/#website","url":"https:\/\/www.immoapulien.com\/","name":"ImmoApulia","description":"Trova la tua propriet\u00e0 di lusso in Puglia","publisher":{"@id":"https:\/\/www.immoapulien.com\/#organization"},"potentialAction":[{"@type":"SearchAction","target":{"@type":"EntryPoint","urlTemplate":"https:\/\/www.immoapulien.com\/?s={search_term_string}"},"query-input":{"@type":"PropertyValueSpecification","valueRequired":true,"valueName":"search_term_string"}}],"inLanguage":"it-IT"},{"@type":"Organization","@id":"https:\/\/www.immoapulien.com\/#organization","name":"ImmoApulia","url":"https:\/\/www.immoapulien.com\/","logo":{"@type":"ImageObject","inLanguage":"it-IT","@id":"https:\/\/www.immoapulien.com\/#\/schema\/logo\/image\/","url":"https:\/\/www.immoapulien.com\/wp-content\/uploads\/2023\/04\/logo.png","contentUrl":"https:\/\/www.immoapulien.com\/wp-content\/uploads\/2023\/04\/logo.png","width":300,"height":163,"caption":"ImmoApulien"},"image":{"@id":"https:\/\/www.immoapulien.com\/#\/schema\/logo\/image\/"}}]}},"_links":{"self":[{"href":"https:\/\/www.immoapulien.com\/it\/wp-json\/wp\/v2\/pages\/23982","targetHints":{"allow":["GET"]}}],"collection":[{"href":"https:\/\/www.immoapulien.com\/it\/wp-json\/wp\/v2\/pages"}],"about":[{"href":"https:\/\/www.immoapulien.com\/it\/wp-json\/wp\/v2\/types\/page"}],"author":[{"embeddable":true,"href":"https:\/\/www.immoapulien.com\/it\/wp-json\/wp\/v2\/users\/1"}],"replies":[{"embeddable":true,"href":"https:\/\/www.immoapulien.com\/it\/wp-json\/wp\/v2\/comments?post=23982"}],"version-history":[{"count":50,"href":"https:\/\/www.immoapulien.com\/it\/wp-json\/wp\/v2\/pages\/23982\/revisions"}],"predecessor-version":[{"id":24531,"href":"https:\/\/www.immoapulien.com\/it\/wp-json\/wp\/v2\/pages\/23982\/revisions\/24531"}],"wp:attachment":[{"href":"https:\/\/www.immoapulien.com\/it\/wp-json\/wp\/v2\/media?parent=23982"}],"curies":[{"name":"wp","href":"https:\/\/api.w.org\/{rel}","templated":true}]}}