{"id":24013,"date":"2023-07-13T16:03:02","date_gmt":"2023-07-13T14:03:02","guid":{"rendered":"https:\/\/www.immoapulien.com\/?page_id=24013"},"modified":"2023-08-04T22:46:41","modified_gmt":"2023-08-04T20:46:41","slug":"finanzierung-immobilie-italien","status":"publish","type":"page","link":"https:\/\/www.immoapulien.com\/it\/finanzierung-immobilie-italien\/","title":{"rendered":"Finanziamenti e prestiti speciali per stranieri"},"content":{"rendered":"<div data-elementor-type=\"wp-page\" data-elementor-id=\"24013\" class=\"elementor elementor-24013\" data-elementor-post-type=\"page\">\n\t\t\t\t\t\t<section class=\"has_ae_slider elementor-section elementor-top-section elementor-element elementor-element-26521a9 elementor-section-content-middle elementor-section-boxed elementor-section-height-default elementor-section-height-default ae-bg-gallery-type-default sc_fly_static\" data-id=\"26521a9\" data-element_type=\"section\" data-e-type=\"section\">\n\t\t\t\t\t\t<div class=\"elementor-container elementor-column-gap-default\">\n\t\t\t\t\t<div class=\"has_ae_slider elementor-column elementor-col-50 elementor-top-column elementor-element elementor-element-5777940 sc-mobile_inner_width_none sc_content_align_inherit sc_layouts_column_icons_position_left ae-bg-gallery-type-default sc_fly_static\" data-id=\"5777940\" data-element_type=\"column\" data-e-type=\"column\">\n\t\t\t<div class=\"elementor-widget-wrap elementor-element-populated\">\n\t\t\t\t\t\t<div class=\"elementor-element elementor-element-36a66f2 sc_fly_static elementor-widget elementor-widget-heading\" data-id=\"36a66f2\" data-element_type=\"widget\" data-e-type=\"widget\" data-widget_type=\"heading.default\">\n\t\t\t\t<div class=\"elementor-widget-container\">\n\t\t\t\t\t<h2 class=\"elementor-heading-title elementor-size-default\">Investite nella propriet\u00e0 dei vostri sogni in Italia<\/h2>\t\t\t\t<\/div>\n\t\t\t\t<\/div>\n\t\t\t\t<div class=\"elementor-element elementor-element-ee42d2a sc_fly_static elementor-widget elementor-widget-text-editor\" data-id=\"ee42d2a\" data-element_type=\"widget\" data-e-type=\"widget\" data-widget_type=\"text-editor.default\">\n\t\t\t\t<div class=\"elementor-widget-container\">\n\t\t\t\t\t\t\t\t\t<p>con condizioni uniche e un servizio di prima classe da parte di ImmoApulia, la vostra societ\u00e0 di consulenza indipendente!<\/p><p>In quanto societ\u00e0 di consulenza indipendente, siamo liberi da conflitti di interesse e possiamo quindi offrirvi soluzioni obiettive e su misura. Il nostro obiettivo finale \u00e8 quello di fornirvi il miglior supporto possibile per i vostri investimenti all'estero e di garantire la vostra soddisfazione.<\/p><p>Grazie alla nostra pluriennale esperienza e alla nostra vasta competenza nel mercato immobiliare italiano e nel settore finanziario, siamo in grado di offrirvi una consulenza completa. Ci prendiamo il tempo necessario per comprendere le vostre esigenze e i vostri desideri individuali e lavoriamo con voi per sviluppare la strategia di investimento ottimale.<\/p>\t\t\t\t\t\t\t\t<\/div>\n\t\t\t\t<\/div>\n\t\t\t\t\t<\/div>\n\t\t<\/div>\n\t\t\t\t<div class=\"has_ae_slider elementor-column elementor-col-50 elementor-top-column elementor-element elementor-element-6521d92 sc_content_align_inherit sc_layouts_column_icons_position_left ae-bg-gallery-type-default sc_fly_static\" data-id=\"6521d92\" data-element_type=\"column\" data-e-type=\"column\">\n\t\t\t<div class=\"elementor-widget-wrap elementor-element-populated\">\n\t\t\t\t\t\t<div class=\"elementor-element elementor-element-48169bd sc_fly_static elementor-widget elementor-widget-image\" data-id=\"48169bd\" data-element_type=\"widget\" data-e-type=\"widget\" data-widget_type=\"image.default\">\n\t\t\t\t<div class=\"elementor-widget-container\">\n\t\t\t\t\t\t\t\t\t\t\t\t\t\t\t<img fetchpriority=\"high\" decoding=\"async\" width=\"1024\" height=\"683\" src=\"https:\/\/www.immoapulien.com\/wp-content\/uploads\/2023\/07\/35-1-1024x683.jpg\" class=\"attachment-large size-large wp-image-23711\" alt=\"\" srcset=\"https:\/\/www.immoapulien.com\/wp-content\/uploads\/2023\/07\/35-1-1024x683.jpg 1024w, https:\/\/www.immoapulien.com\/wp-content\/uploads\/2023\/07\/35-1-300x200.jpg 300w, https:\/\/www.immoapulien.com\/wp-content\/uploads\/2023\/07\/35-1-768x512.jpg 768w, https:\/\/www.immoapulien.com\/wp-content\/uploads\/2023\/07\/35-1-370x247.jpg 370w, https:\/\/www.immoapulien.com\/wp-content\/uploads\/2023\/07\/35-1-850x567.jpg 850w, https:\/\/www.immoapulien.com\/wp-content\/uploads\/2023\/07\/35-1-410x273.jpg 410w, https:\/\/www.immoapulien.com\/wp-content\/uploads\/2023\/07\/35-1-600x400.jpg 600w, https:\/\/www.immoapulien.com\/wp-content\/uploads\/2023\/07\/35-1.jpg 1300w\" sizes=\"(max-width: 1024px) 100vw, 1024px\" \/>\t\t\t\t\t\t\t\t\t\t\t\t\t\t\t<\/div>\n\t\t\t\t<\/div>\n\t\t\t\t\t<\/div>\n\t\t<\/div>\n\t\t\t\t\t<\/div>\n\t\t<\/section>\n\t\t\t\t<section class=\"has_ae_slider elementor-section elementor-top-section elementor-element elementor-element-6dc0b9c elementor-section-content-middle elementor-section-boxed elementor-section-height-default elementor-section-height-default ae-bg-gallery-type-default sc_fly_static\" data-id=\"6dc0b9c\" data-element_type=\"section\" data-e-type=\"section\" data-settings=\"{&quot;background_background&quot;:&quot;classic&quot;}\">\n\t\t\t\t\t\t<div class=\"elementor-container elementor-column-gap-default\">\n\t\t\t\t\t<div class=\"has_ae_slider elementor-column elementor-col-100 elementor-top-column elementor-element elementor-element-f3f114b sc-mobile_inner_width_none sc_content_align_inherit sc_layouts_column_icons_position_left ae-bg-gallery-type-default sc_fly_static\" data-id=\"f3f114b\" data-element_type=\"column\" data-e-type=\"column\">\n\t\t\t<div class=\"elementor-widget-wrap elementor-element-populated\">\n\t\t\t\t\t\t<div class=\"elementor-element elementor-element-50b2499 sc_fly_static elementor-widget elementor-widget-heading\" data-id=\"50b2499\" data-element_type=\"widget\" data-e-type=\"widget\" data-widget_type=\"heading.default\">\n\t\t\t\t<div class=\"elementor-widget-container\">\n\t\t\t\t\t<h2 class=\"elementor-heading-title elementor-size-default\">La nostra rete<\/h2>\t\t\t\t<\/div>\n\t\t\t\t<\/div>\n\t\t\t\t<div class=\"elementor-element elementor-element-d3e9dae sc_fly_static elementor-widget elementor-widget-text-editor\" data-id=\"d3e9dae\" data-element_type=\"widget\" data-e-type=\"widget\" data-widget_type=\"text-editor.default\">\n\t\t\t\t<div class=\"elementor-widget-container\">\n\t\t\t\t\t\t\t\t\t<p>broker certificati e verificati ci permette di darvi accesso a prestiti esteri esclusivi. Lavoriamo a stretto contatto con questi professionisti per assicurarvi le migliori condizioni e opzioni. La nostra indipendenza ci permette di mettere al primo posto i vostri interessi e di fornirvi una soluzione di finanziamento su misura.<\/p><p>Contattateci oggi stesso per maggiori informazioni e per procedere con il vostro investimento estero in Italia. I nostri esperti sono a disposizione per rispondere alle vostre domande e assistervi in ogni fase del processo. Affidatevi a ImmoApulia come societ\u00e0 di consulenza indipendente per realizzare i vostri sogni di investimento.<\/p>\t\t\t\t\t\t\t\t<\/div>\n\t\t\t\t<\/div>\n\t\t\t\t\t<\/div>\n\t\t<\/div>\n\t\t\t\t\t<\/div>\n\t\t<\/section>\n\t\t\t\t<section class=\"has_ae_slider elementor-section elementor-top-section elementor-element elementor-element-e336794 elementor-section-content-middle elementor-section-boxed elementor-section-height-default elementor-section-height-default ae-bg-gallery-type-default sc_fly_static\" data-id=\"e336794\" data-element_type=\"section\" data-e-type=\"section\">\n\t\t\t\t\t\t<div class=\"elementor-container elementor-column-gap-default\">\n\t\t\t\t\t<div class=\"has_ae_slider elementor-column elementor-col-50 elementor-top-column elementor-element elementor-element-ed1877f sc_content_align_inherit sc_layouts_column_icons_position_left ae-bg-gallery-type-default sc_fly_static\" data-id=\"ed1877f\" data-element_type=\"column\" data-e-type=\"column\">\n\t\t\t<div class=\"elementor-widget-wrap elementor-element-populated\">\n\t\t\t\t\t\t<div class=\"elementor-element elementor-element-04c85d6 sc_fly_static elementor-widget elementor-widget-image\" data-id=\"04c85d6\" data-element_type=\"widget\" data-e-type=\"widget\" data-widget_type=\"image.default\">\n\t\t\t\t<div class=\"elementor-widget-container\">\n\t\t\t\t\t\t\t\t\t\t\t\t\t\t\t<img decoding=\"async\" width=\"1024\" height=\"682\" src=\"https:\/\/www.immoapulien.com\/wp-content\/uploads\/2023\/07\/a-14-1024x682.jpg\" class=\"attachment-large size-large wp-image-23723\" alt=\"\" srcset=\"https:\/\/www.immoapulien.com\/wp-content\/uploads\/2023\/07\/a-14-1024x682.jpg 1024w, https:\/\/www.immoapulien.com\/wp-content\/uploads\/2023\/07\/a-14-300x200.jpg 300w, https:\/\/www.immoapulien.com\/wp-content\/uploads\/2023\/07\/a-14-768x512.jpg 768w, https:\/\/www.immoapulien.com\/wp-content\/uploads\/2023\/07\/a-14-370x246.jpg 370w, https:\/\/www.immoapulien.com\/wp-content\/uploads\/2023\/07\/a-14-850x566.jpg 850w, https:\/\/www.immoapulien.com\/wp-content\/uploads\/2023\/07\/a-14-410x273.jpg 410w, https:\/\/www.immoapulien.com\/wp-content\/uploads\/2023\/07\/a-14-600x400.jpg 600w, https:\/\/www.immoapulien.com\/wp-content\/uploads\/2023\/07\/a-14.jpg 1300w\" sizes=\"(max-width: 1024px) 100vw, 1024px\" \/>\t\t\t\t\t\t\t\t\t\t\t\t\t\t\t<\/div>\n\t\t\t\t<\/div>\n\t\t\t\t\t<\/div>\n\t\t<\/div>\n\t\t\t\t<div class=\"has_ae_slider elementor-column elementor-col-50 elementor-top-column elementor-element elementor-element-e565900 sc-mobile_inner_width_none sc_content_align_inherit sc_layouts_column_icons_position_left ae-bg-gallery-type-default sc_fly_static\" data-id=\"e565900\" data-element_type=\"column\" data-e-type=\"column\">\n\t\t\t<div class=\"elementor-widget-wrap elementor-element-populated\">\n\t\t\t\t\t\t<div class=\"elementor-element elementor-element-32ea3a6 sc_fly_static elementor-widget elementor-widget-heading\" data-id=\"32ea3a6\" data-element_type=\"widget\" data-e-type=\"widget\" data-widget_type=\"heading.default\">\n\t\t\t\t<div class=\"elementor-widget-container\">\n\t\t\t\t\t<h2 class=\"elementor-heading-title elementor-size-default\">Contattateci oggi stesso<\/h2>\t\t\t\t<\/div>\n\t\t\t\t<\/div>\n\t\t\t\t<div class=\"elementor-element elementor-element-257e21e sc_fly_static elementor-widget elementor-widget-text-editor\" data-id=\"257e21e\" data-element_type=\"widget\" data-e-type=\"widget\" data-widget_type=\"text-editor.default\">\n\t\t\t\t<div class=\"elementor-widget-container\">\n\t\t\t\t\t\t\t\t\t<p>Contattateci oggi stesso per maggiori informazioni e per procedere con il vostro investimento estero in Italia. I nostri esperti sono a disposizione per rispondere alle vostre domande e assistervi in ogni fase del processo. Affidatevi a ImmoApulia come societ\u00e0 di consulenza indipendente per realizzare i vostri sogni di investimento.<\/p><p>Non vediamo l'ora di lavorare con voi e di aiutarvi ad acquistare la propriet\u00e0 dei vostri sogni in Italia. Contattateci ora per iniziare la vostra consulenza e spianare la strada al vostro investimento immobiliare di successo!<\/p>\t\t\t\t\t\t\t\t<\/div>\n\t\t\t\t<\/div>\n\t\t\t\t<div class=\"elementor-element elementor-element-cd2114c elementor-align-left sc_fly_static elementor-widget elementor-widget-button\" data-id=\"cd2114c\" data-element_type=\"widget\" data-e-type=\"widget\" data-widget_type=\"button.default\">\n\t\t\t\t<div class=\"elementor-widget-container\">\n\t\t\t\t\t\t\t\t\t<div class=\"elementor-button-wrapper\">\n\t\t\t\t\t<a class=\"elementor-button elementor-button-link elementor-size-sm\" href=\"https:\/\/www.immoapulien.com\/it\/kontakt\/\">\n\t\t\t\t\t\t<span class=\"elementor-button-content-wrapper\">\n\t\t\t\t\t\t\t\t\t<span class=\"elementor-button-text\">Contatto<\/span>\n\t\t\t\t\t<\/span>\n\t\t\t\t\t<\/a>\n\t\t\t\t<\/div>\n\t\t\t\t\t\t\t\t<\/div>\n\t\t\t\t<\/div>\n\t\t\t\t\t<\/div>\n\t\t<\/div>\n\t\t\t\t\t<\/div>\n\t\t<\/section>\n\t\t\t\t<\/div>","protected":false},"excerpt":{"rendered":"<p>Investite nell'immobile dei vostri sogni in Italia con le condizioni uniche e il servizio di prima classe di ImmoApulia, la vostra societ\u00e0 di consulenza indipendente! In quanto societ\u00e0 di consulenza indipendente, siamo liberi da conflitti di interesse e possiamo quindi offrirvi...<\/p>","protected":false},"author":1,"featured_media":0,"parent":0,"menu_order":0,"comment_status":"closed","ping_status":"closed","template":"","meta":{"footnotes":""},"class_list":["post-24013","page","type-page","status-publish","hentry"],"yoast_head":"<!-- This site is optimized with the Yoast SEO Premium plugin v25.4 (Yoast SEO v27.2) - https:\/\/yoast.com\/product\/yoast-seo-premium-wordpress\/ -->\n<title>Finanzierung Immobilie Italien - ImmoApulien ber\u00e4t Sie<\/title>\n<meta name=\"description\" content=\"Ben\u00f6tigen Sie eine Beratung zur Finanzierung Immobilie Italien? Dann wenden Sie sich an die Experten von ImmoApulien\" \/>\n<meta name=\"robots\" content=\"index, follow, max-snippet:-1, max-image-preview:large, max-video-preview:-1\" \/>\n<link rel=\"canonical\" href=\"https:\/\/www.immoapulien.com\/it\/finanzierung-immobilie-italien\/\" \/>\n<meta property=\"og:locale\" content=\"it_IT\" \/>\n<meta property=\"og:type\" content=\"article\" \/>\n<meta property=\"og:title\" content=\"Finanzierung und spezielle Kredite f\u00fcr Ausl\u00e4nder\" \/>\n<meta property=\"og:description\" content=\"Ben\u00f6tigen Sie eine Beratung zur Finanzierung Immobilie Italien? Dann wenden Sie sich an die Experten von ImmoApulien\" \/>\n<meta property=\"og:url\" content=\"https:\/\/www.immoapulien.com\/it\/finanzierung-immobilie-italien\/\" \/>\n<meta property=\"og:site_name\" content=\"ImmoApulien\" \/>\n<meta property=\"article:modified_time\" content=\"2023-08-04T20:46:41+00:00\" \/>\n<meta property=\"og:image\" content=\"https:\/\/www.immoapulien.com\/wp-content\/uploads\/2023\/07\/35-1-1024x683.jpg\" \/>\n<meta name=\"twitter:card\" content=\"summary_large_image\" \/>\n<meta name=\"twitter:label1\" content=\"Tempo di lettura stimato\" \/>\n\t<meta name=\"twitter:data1\" content=\"3 minuti\" \/>\n<script type=\"application\/ld+json\" class=\"yoast-schema-graph\">{\"@context\":\"https:\/\/schema.org\",\"@graph\":[{\"@type\":\"WebPage\",\"@id\":\"https:\/\/www.immoapulien.com\/finanzierung-immobilie-italien\/\",\"url\":\"https:\/\/www.immoapulien.com\/finanzierung-immobilie-italien\/\",\"name\":\"Finanzierung Immobilie Italien - ImmoApulien ber\u00e4t Sie\",\"isPartOf\":{\"@id\":\"https:\/\/www.immoapulien.com\/#website\"},\"primaryImageOfPage\":{\"@id\":\"https:\/\/www.immoapulien.com\/finanzierung-immobilie-italien\/#primaryimage\"},\"image\":{\"@id\":\"https:\/\/www.immoapulien.com\/finanzierung-immobilie-italien\/#primaryimage\"},\"thumbnailUrl\":\"https:\/\/www.immoapulien.com\/wp-content\/uploads\/2023\/07\/35-1-1024x683.jpg\",\"datePublished\":\"2023-07-13T14:03:02+00:00\",\"dateModified\":\"2023-08-04T20:46:41+00:00\",\"description\":\"Ben\u00f6tigen Sie eine Beratung zur Finanzierung Immobilie Italien? Dann wenden Sie sich an die Experten von ImmoApulien\",\"breadcrumb\":{\"@id\":\"https:\/\/www.immoapulien.com\/finanzierung-immobilie-italien\/#breadcrumb\"},\"inLanguage\":\"it-IT\",\"potentialAction\":[{\"@type\":\"ReadAction\",\"target\":[\"https:\/\/www.immoapulien.com\/finanzierung-immobilie-italien\/\"]}]},{\"@type\":\"ImageObject\",\"inLanguage\":\"it-IT\",\"@id\":\"https:\/\/www.immoapulien.com\/finanzierung-immobilie-italien\/#primaryimage\",\"url\":\"https:\/\/www.immoapulien.com\/wp-content\/uploads\/2023\/07\/35-1-1024x683.jpg\",\"contentUrl\":\"https:\/\/www.immoapulien.com\/wp-content\/uploads\/2023\/07\/35-1-1024x683.jpg\"},{\"@type\":\"BreadcrumbList\",\"@id\":\"https:\/\/www.immoapulien.com\/finanzierung-immobilie-italien\/#breadcrumb\",\"itemListElement\":[{\"@type\":\"ListItem\",\"position\":1,\"name\":\"Startseite\",\"item\":\"https:\/\/www.immoapulien.com\/\"},{\"@type\":\"ListItem\",\"position\":2,\"name\":\"Finanzierung und spezielle Kredite f\u00fcr Ausl\u00e4nder\"}]},{\"@type\":\"WebSite\",\"@id\":\"https:\/\/www.immoapulien.com\/#website\",\"url\":\"https:\/\/www.immoapulien.com\/\",\"name\":\"ImmoApulien\",\"description\":\"Finden Sie Ihre Luxus Immobilie in Apulien\",\"publisher\":{\"@id\":\"https:\/\/www.immoapulien.com\/#organization\"},\"potentialAction\":[{\"@type\":\"SearchAction\",\"target\":{\"@type\":\"EntryPoint\",\"urlTemplate\":\"https:\/\/www.immoapulien.com\/?s={search_term_string}\"},\"query-input\":{\"@type\":\"PropertyValueSpecification\",\"valueRequired\":true,\"valueName\":\"search_term_string\"}}],\"inLanguage\":\"it-IT\"},{\"@type\":\"Organization\",\"@id\":\"https:\/\/www.immoapulien.com\/#organization\",\"name\":\"ImmoApulien\",\"url\":\"https:\/\/www.immoapulien.com\/\",\"logo\":{\"@type\":\"ImageObject\",\"inLanguage\":\"it-IT\",\"@id\":\"https:\/\/www.immoapulien.com\/#\/schema\/logo\/image\/\",\"url\":\"https:\/\/www.immoapulien.com\/wp-content\/uploads\/2023\/04\/logo.png\",\"contentUrl\":\"https:\/\/www.immoapulien.com\/wp-content\/uploads\/2023\/04\/logo.png\",\"width\":300,\"height\":163,\"caption\":\"ImmoApulien\"},\"image\":{\"@id\":\"https:\/\/www.immoapulien.com\/#\/schema\/logo\/image\/\"}}]}<\/script>\n<!-- \/ Yoast SEO Premium plugin. -->","yoast_head_json":{"title":"Finanziamento immobiliare Italia - ImmoApulia vi consiglia","description":"Avete bisogno di una consulenza sul finanziamento di un immobile in Italia? Allora contattate gli esperti di ImmoApulia","robots":{"index":"index","follow":"follow","max-snippet":"max-snippet:-1","max-image-preview":"max-image-preview:large","max-video-preview":"max-video-preview:-1"},"canonical":"https:\/\/www.immoapulien.com\/it\/finanzierung-immobilie-italien\/","og_locale":"it_IT","og_type":"article","og_title":"Finanzierung und spezielle Kredite f\u00fcr Ausl\u00e4nder","og_description":"Ben\u00f6tigen Sie eine Beratung zur Finanzierung Immobilie Italien? Dann wenden Sie sich an die Experten von ImmoApulien","og_url":"https:\/\/www.immoapulien.com\/it\/finanzierung-immobilie-italien\/","og_site_name":"ImmoApulien","article_modified_time":"2023-08-04T20:46:41+00:00","og_image":[{"url":"https:\/\/www.immoapulien.com\/wp-content\/uploads\/2023\/07\/35-1-1024x683.jpg","type":"","width":"","height":""}],"twitter_card":"summary_large_image","twitter_misc":{"Tempo di lettura stimato":"3 minuti"},"schema":{"@context":"https:\/\/schema.org","@graph":[{"@type":"WebPage","@id":"https:\/\/www.immoapulien.com\/finanzierung-immobilie-italien\/","url":"https:\/\/www.immoapulien.com\/finanzierung-immobilie-italien\/","name":"Finanziamento immobiliare Italia - ImmoApulia vi consiglia","isPartOf":{"@id":"https:\/\/www.immoapulien.com\/#website"},"primaryImageOfPage":{"@id":"https:\/\/www.immoapulien.com\/finanzierung-immobilie-italien\/#primaryimage"},"image":{"@id":"https:\/\/www.immoapulien.com\/finanzierung-immobilie-italien\/#primaryimage"},"thumbnailUrl":"https:\/\/www.immoapulien.com\/wp-content\/uploads\/2023\/07\/35-1-1024x683.jpg","datePublished":"2023-07-13T14:03:02+00:00","dateModified":"2023-08-04T20:46:41+00:00","description":"Avete bisogno di una consulenza sul finanziamento di un immobile in Italia? Allora contattate gli esperti di ImmoApulia","breadcrumb":{"@id":"https:\/\/www.immoapulien.com\/finanzierung-immobilie-italien\/#breadcrumb"},"inLanguage":"it-IT","potentialAction":[{"@type":"ReadAction","target":["https:\/\/www.immoapulien.com\/finanzierung-immobilie-italien\/"]}]},{"@type":"ImageObject","inLanguage":"it-IT","@id":"https:\/\/www.immoapulien.com\/finanzierung-immobilie-italien\/#primaryimage","url":"https:\/\/www.immoapulien.com\/wp-content\/uploads\/2023\/07\/35-1-1024x683.jpg","contentUrl":"https:\/\/www.immoapulien.com\/wp-content\/uploads\/2023\/07\/35-1-1024x683.jpg"},{"@type":"BreadcrumbList","@id":"https:\/\/www.immoapulien.com\/finanzierung-immobilie-italien\/#breadcrumb","itemListElement":[{"@type":"ListItem","position":1,"name":"Startseite","item":"https:\/\/www.immoapulien.com\/"},{"@type":"ListItem","position":2,"name":"Finanzierung und spezielle Kredite f\u00fcr Ausl\u00e4nder"}]},{"@type":"WebSite","@id":"https:\/\/www.immoapulien.com\/#website","url":"https:\/\/www.immoapulien.com\/","name":"ImmoApulia","description":"Trova la tua propriet\u00e0 di lusso in Puglia","publisher":{"@id":"https:\/\/www.immoapulien.com\/#organization"},"potentialAction":[{"@type":"SearchAction","target":{"@type":"EntryPoint","urlTemplate":"https:\/\/www.immoapulien.com\/?s={search_term_string}"},"query-input":{"@type":"PropertyValueSpecification","valueRequired":true,"valueName":"search_term_string"}}],"inLanguage":"it-IT"},{"@type":"Organization","@id":"https:\/\/www.immoapulien.com\/#organization","name":"ImmoApulia","url":"https:\/\/www.immoapulien.com\/","logo":{"@type":"ImageObject","inLanguage":"it-IT","@id":"https:\/\/www.immoapulien.com\/#\/schema\/logo\/image\/","url":"https:\/\/www.immoapulien.com\/wp-content\/uploads\/2023\/04\/logo.png","contentUrl":"https:\/\/www.immoapulien.com\/wp-content\/uploads\/2023\/04\/logo.png","width":300,"height":163,"caption":"ImmoApulien"},"image":{"@id":"https:\/\/www.immoapulien.com\/#\/schema\/logo\/image\/"}}]}},"_links":{"self":[{"href":"https:\/\/www.immoapulien.com\/it\/wp-json\/wp\/v2\/pages\/24013","targetHints":{"allow":["GET"]}}],"collection":[{"href":"https:\/\/www.immoapulien.com\/it\/wp-json\/wp\/v2\/pages"}],"about":[{"href":"https:\/\/www.immoapulien.com\/it\/wp-json\/wp\/v2\/types\/page"}],"author":[{"embeddable":true,"href":"https:\/\/www.immoapulien.com\/it\/wp-json\/wp\/v2\/users\/1"}],"replies":[{"embeddable":true,"href":"https:\/\/www.immoapulien.com\/it\/wp-json\/wp\/v2\/comments?post=24013"}],"version-history":[{"count":15,"href":"https:\/\/www.immoapulien.com\/it\/wp-json\/wp\/v2\/pages\/24013\/revisions"}],"predecessor-version":[{"id":24521,"href":"https:\/\/www.immoapulien.com\/it\/wp-json\/wp\/v2\/pages\/24013\/revisions\/24521"}],"wp:attachment":[{"href":"https:\/\/www.immoapulien.com\/it\/wp-json\/wp\/v2\/media?parent=24013"}],"curies":[{"name":"wp","href":"https:\/\/api.w.org\/{rel}","templated":true}]}}