{"id":24084,"date":"2023-07-16T06:34:07","date_gmt":"2023-07-16T04:34:07","guid":{"rendered":"https:\/\/www.immoapulien.com\/?page_id=24084"},"modified":"2023-08-06T22:49:41","modified_gmt":"2023-08-06T20:49:41","slug":"immobilien-verkaufen-ablauf-makler-apulien","status":"publish","type":"page","link":"https:\/\/www.immoapulien.com\/it\/immobilien-services-apulien\/immobilien-verkaufen-ablauf-makler-apulien\/","title":{"rendered":"Vendere un immobile - procedura"},"content":{"rendered":"<div data-elementor-type=\"wp-page\" data-elementor-id=\"24084\" class=\"elementor elementor-24084\" data-elementor-post-type=\"page\">\n\t\t\t\t\t\t<section class=\"has_ae_slider elementor-section elementor-top-section elementor-element elementor-element-209c378 elementor-section-stretched alter_bg elementor-section-boxed elementor-section-height-default elementor-section-height-default ae-bg-gallery-type-default sc_fly_static\" data-id=\"209c378\" data-element_type=\"section\" data-e-type=\"section\" data-settings=\"{&quot;stretch_section&quot;:&quot;section-stretched&quot;,&quot;background_background&quot;:&quot;classic&quot;}\">\n\t\t\t\t\t\t<div class=\"elementor-container elementor-column-gap-extended\">\n\t\t\t\t\t<div class=\"has_ae_slider elementor-column elementor-col-100 elementor-top-column elementor-element elementor-element-c3105dc sc_content_align_inherit sc_layouts_column_icons_position_left ae-bg-gallery-type-default sc_fly_static\" data-id=\"c3105dc\" data-element_type=\"column\" data-e-type=\"column\">\n\t\t\t<div class=\"elementor-widget-wrap elementor-element-populated\">\n\t\t\t\t\t\t<div class=\"elementor-element elementor-element-4c65c2d sc_height_huge sc_fly_static elementor-widget elementor-widget-spacer\" data-id=\"4c65c2d\" data-element_type=\"widget\" data-e-type=\"widget\" data-widget_type=\"spacer.default\">\n\t\t\t\t<div class=\"elementor-widget-container\">\n\t\t\t\t\t\t\t<div class=\"elementor-spacer\">\n\t\t\t<div class=\"elementor-spacer-inner\"><\/div>\n\t\t<\/div>\n\t\t\t\t\t\t<\/div>\n\t\t\t\t<\/div>\n\t\t\t\t<div class=\"elementor-element elementor-element-ab7525f title_style_h1 sc_fly_static elementor-widget elementor-widget-trx_sc_title\" data-id=\"ab7525f\" data-element_type=\"widget\" data-e-type=\"widget\" data-widget_type=\"trx_sc_title.default\">\n\t\t\t\t<div class=\"elementor-widget-container\">\n\t\t\t\t\t<div\t\tclass=\"sc_title sc_title_default\" ><span class=\"sc_item_subtitle sc_title_subtitle sc_align_center sc_item_subtitle_above sc_item_title_style_default\">Vendiamo la vostra propriet\u00e0<\/span><h2 class=\"sc_item_title sc_title_title sc_align_center sc_item_title_style_default sc_item_title_tag\"\n\t\t\t><span class=\"sc_item_title_text\">Procedura in dettaglio<\/span><\/h2><\/div>\t\t\t\t<\/div>\n\t\t\t\t<\/div>\n\t\t\t\t<div class=\"elementor-element elementor-element-98d00d0 sc_fly_static elementor-widget elementor-widget-spacer\" data-id=\"98d00d0\" data-element_type=\"widget\" data-e-type=\"widget\" data-widget_type=\"spacer.default\">\n\t\t\t\t<div class=\"elementor-widget-container\">\n\t\t\t\t\t\t\t<div class=\"elementor-spacer\">\n\t\t\t<div class=\"elementor-spacer-inner\"><\/div>\n\t\t<\/div>\n\t\t\t\t\t\t<\/div>\n\t\t\t\t<\/div>\n\t\t\t\t<div class=\"elementor-element elementor-element-3a58d0e scheme_default sc_fly_static elementor-widget elementor-widget-trx_sc_icons\" data-id=\"3a58d0e\" data-element_type=\"widget\" data-e-type=\"widget\" data-widget_type=\"trx_sc_icons.default\">\n\t\t\t\t<div class=\"elementor-widget-container\">\n\t\t\t\t\t<div \tclass=\"sc_icons scheme_default sc_icons_hover2 sc_icons_size_small sc_align_none\" ><div class=\"sc_icons_item\"><div class=\"sc_icons_icon sc_icon_type_ icon-child\" style=\"color: #3FB9BE\" ><span class=\"sc_icon_type_ icon-child\" style=\"color: #3FB9BE\"><\/span><\/div><div class=\"sc_icons_item_details\"><h4 class=\"sc_icons_item_title\"><span>In anticipo: comunicazione e soddisfazione del cliente<\/span><\/h4><div class=\"sc_icons_item_description\"><span>Il nostro obiettivo primario per i nostri agenti in Puglia \u00e8 quello di fornirvi il miglior servizio possibile e di rendere la vendita della vostra propriet\u00e0 un successo. Diamo grande importanza alla comunicazione aperta e vi teniamo sempre informati durante tutto il processo. La vostra soddisfazione \u00e8 la nostra massima priorit\u00e0.<\/span><span><br><\/span><span><\/span><span>Affidatevi all'esperienza e alla competenza di ImmoApulia e affidateci il vostro immobile. Contattateci per una consulenza personale e fate il primo passo verso una vendita di successo.<\/span><\/div><\/div><\/div><div class=\"sc_icons_item\"><div class=\"sc_icons_icon sc_icon_type_ icon-home-2\" style=\"color: #3FB9BE\" ><span class=\"sc_icon_type_ icon-home-2\" style=\"color: #3FB9BE\"><\/span><\/div><div class=\"sc_icons_item_details\"><h4 class=\"sc_icons_item_title\"><span>Fase 1: consultazione e valutazione dell'immobile<\/span><\/h4><div class=\"sc_icons_item_description\"><span>Con ImmoApulia potete vendere il vostro immobile senza stress e con profitto. Siamo consapevoli della complessit\u00e0 della vendita di un immobile e il nostro team di esperti immobiliari \u00e8 pronto a fornirvi un servizio completo. Innanzitutto, effettuiamo una valutazione professionale del vostro immobile, analizziamo l'attuale valore di mercato e prendiamo in considerazione tutti i fattori rilevanti per una valutazione realistica del prezzo di vendita.<\/span><\/div><\/div><\/div><div class=\"sc_icons_item\"><div class=\"sc_icons_icon sc_icon_type_ icon-cogs\" style=\"color: #3FB9BE\" ><span class=\"sc_icon_type_ icon-cogs\" style=\"color: #3FB9BE\"><\/span><\/div><div class=\"sc_icons_item_details\"><h4 class=\"sc_icons_item_title\"><span>Fase 2: : Sviluppare una strategia di vendita<\/span><\/h4><div class=\"sc_icons_item_description\"><span>Sulla base della valutazione dell'immobile, i nostri agenti in Puglia sviluppano una strategia di vendita di successo. Nel fare ci\u00f2, il nostro vasto know-how di marketing viene utilizzato per presentare la vostra propriet\u00e0 nel miglior modo possibile.<\/span><\/div><\/div><\/div><div class=\"sc_icons_item\"><div class=\"sc_icons_icon sc_icon_type_ icon-sphere\" style=\"color: #3FB9BE\" ><span class=\"sc_icon_type_ icon-sphere\" style=\"color: #3FB9BE\"><\/span><\/div><div class=\"sc_icons_item_details\"><h4 class=\"sc_icons_item_title\"><span>Fase 3: Marketing e presentazione<\/span><\/h4><div class=\"sc_icons_item_description\"><span>Utilizziamo una variet\u00e0 di canali per rivolgerci ai potenziali acquirenti e rendere la vostra propriet\u00e0 accessibile a un ampio gruppo target. Da foto e tour virtuali di alta qualit\u00e0 a esposizioni accattivanti, ci assicuriamo che la vostra propriet\u00e0 sia presentata nella luce migliore.<\/span><\/div><\/div><\/div><div class=\"sc_icons_item\"><div class=\"sc_icons_icon sc_icon_type_ icon-tag-2\" style=\"color: #3FB9BE\" ><span class=\"sc_icon_type_ icon-tag-2\" style=\"color: #3FB9BE\"><\/span><\/div><div class=\"sc_icons_item_details\"><h4 class=\"sc_icons_item_title\"><span>Fase 4: Gestione del processo di vendita<\/span><\/h4><div class=\"sc_icons_item_description\"><span>I nostri esperti agenti immobiliari in Puglia si occupano di tutte le incombenze amministrative e burocratiche legate alla vendita della vostra propriet\u00e0. Dalla preparazione dei contratti e dei documenti al coordinamento delle visite e delle trattative, ci occupiamo di tutto noi, in modo che possiate rilassarvi e confidare nel fatto che gestiremo la vendita in modo professionale ed efficiente.<\/span><\/div><\/div><\/div><div\tclass=\"sc_item_button sc_button_wrap sc_align_center sc_item_button sc_item_button_default sc_item_button_size_normal sc_icons_button\"><a href=\"https:\/\/www.immoapulien.com\/it\/kontakt\/\" class=\"sc_button sc_button_default sc_button_size_normal sc_button_icon_left\"><span class=\"sc_button_text\"><span class=\"sc_button_title\">Contattare ora<\/span><\/span><\/a><\/div><\/div><!-- \/.sc_icons -->\t\t\t\t<\/div>\n\t\t\t\t<\/div>\n\t\t\t\t<div class=\"elementor-element elementor-element-490c8bf sc_fly_static elementor-widget elementor-widget-text-editor\" data-id=\"490c8bf\" data-element_type=\"widget\" data-e-type=\"widget\" data-widget_type=\"text-editor.default\">\n\t\t\t\t<div class=\"elementor-widget-container\">\n\t\t\t\t\t\t\t\t\t<p>Lorem ipsum dolor sit amet, consectetur adipiscing elit. Ut elit tellus, luctus nec ullamcorper mattis, pulvinar dapibus leo.<\/p>\t\t\t\t\t\t\t\t<\/div>\n\t\t\t\t<\/div>\n\t\t\t\t<div class=\"elementor-element elementor-element-5707ae1 sc_height_huge sc_fly_static elementor-widget elementor-widget-spacer\" data-id=\"5707ae1\" data-element_type=\"widget\" data-e-type=\"widget\" data-widget_type=\"spacer.default\">\n\t\t\t\t<div class=\"elementor-widget-container\">\n\t\t\t\t\t\t\t<div class=\"elementor-spacer\">\n\t\t\t<div class=\"elementor-spacer-inner\"><\/div>\n\t\t<\/div>\n\t\t\t\t\t\t<\/div>\n\t\t\t\t<\/div>\n\t\t\t\t\t<\/div>\n\t\t<\/div>\n\t\t\t\t\t<\/div>\n\t\t<\/section>\n\t\t\t\t<\/div>","protected":false},"excerpt":{"rendered":"<p>Vendiamo il vostro immobile Processo in dettaglio Prima di tutto: comunicazione e soddisfazione del cliente L'obiettivo primario delle nostre agenzie immobiliari in Puglia \u00e8 quello di offrirvi il miglior servizio possibile e di rendere la vendita del vostro...<\/p>","protected":false},"author":1,"featured_media":0,"parent":24139,"menu_order":0,"comment_status":"closed","ping_status":"closed","template":"","meta":{"footnotes":""},"class_list":["post-24084","page","type-page","status-publish","hentry"],"yoast_head":"<!-- This site is optimized with the Yoast SEO Premium plugin v25.4 (Yoast SEO v27.2) - https:\/\/yoast.com\/product\/yoast-seo-premium-wordpress\/ -->\n<title>Makler in Apulien - ImmoApulien<\/title>\n<meta name=\"description\" content=\"Sie suchen einen Makler in Apulien? Wir sind eine Immobilienberatung, und wir haben uns auf den Verkauf von Luxusimmobilien spezialisiert\" \/>\n<meta name=\"robots\" content=\"index, follow, max-snippet:-1, max-image-preview:large, max-video-preview:-1\" \/>\n<link rel=\"canonical\" href=\"https:\/\/www.immoapulien.com\/it\/immobilien-services-apulien\/immobilien-verkaufen-ablauf-makler-apulien\/\" \/>\n<meta property=\"og:locale\" content=\"it_IT\" \/>\n<meta property=\"og:type\" content=\"article\" \/>\n<meta property=\"og:title\" content=\"Immobilien verkaufen - ablauf\" \/>\n<meta property=\"og:description\" content=\"Sie suchen einen Makler in Apulien? Wir sind eine Immobilienberatung, und wir haben uns auf den Verkauf von Luxusimmobilien spezialisiert\" \/>\n<meta property=\"og:url\" content=\"https:\/\/www.immoapulien.com\/it\/immobilien-services-apulien\/immobilien-verkaufen-ablauf-makler-apulien\/\" \/>\n<meta property=\"og:site_name\" content=\"ImmoApulien\" \/>\n<meta property=\"article:modified_time\" content=\"2023-08-06T20:49:41+00:00\" \/>\n<meta name=\"twitter:card\" content=\"summary_large_image\" \/>\n<meta name=\"twitter:label1\" content=\"Tempo di lettura stimato\" \/>\n\t<meta name=\"twitter:data1\" content=\"2 minuti\" \/>\n<script type=\"application\/ld+json\" class=\"yoast-schema-graph\">{\"@context\":\"https:\/\/schema.org\",\"@graph\":[{\"@type\":\"WebPage\",\"@id\":\"https:\/\/www.immoapulien.com\/immobilien-services-apulien\/immobilien-verkaufen-ablauf-makler-apulien\/\",\"url\":\"https:\/\/www.immoapulien.com\/immobilien-services-apulien\/immobilien-verkaufen-ablauf-makler-apulien\/\",\"name\":\"Makler in Apulien - ImmoApulien\",\"isPartOf\":{\"@id\":\"https:\/\/www.immoapulien.com\/#website\"},\"datePublished\":\"2023-07-16T04:34:07+00:00\",\"dateModified\":\"2023-08-06T20:49:41+00:00\",\"description\":\"Sie suchen einen Makler in Apulien? Wir sind eine Immobilienberatung, und wir haben uns auf den Verkauf von Luxusimmobilien spezialisiert\",\"breadcrumb\":{\"@id\":\"https:\/\/www.immoapulien.com\/immobilien-services-apulien\/immobilien-verkaufen-ablauf-makler-apulien\/#breadcrumb\"},\"inLanguage\":\"it-IT\",\"potentialAction\":[{\"@type\":\"ReadAction\",\"target\":[\"https:\/\/www.immoapulien.com\/immobilien-services-apulien\/immobilien-verkaufen-ablauf-makler-apulien\/\"]}]},{\"@type\":\"BreadcrumbList\",\"@id\":\"https:\/\/www.immoapulien.com\/immobilien-services-apulien\/immobilien-verkaufen-ablauf-makler-apulien\/#breadcrumb\",\"itemListElement\":[{\"@type\":\"ListItem\",\"position\":1,\"name\":\"Startseite\",\"item\":\"https:\/\/www.immoapulien.com\/\"},{\"@type\":\"ListItem\",\"position\":2,\"name\":\"Immobilien Services\",\"item\":\"https:\/\/www.immoapulien.com\/immobilien-services-apulien\/\"},{\"@type\":\"ListItem\",\"position\":3,\"name\":\"Immobilien verkaufen &#8211; ablauf\"}]},{\"@type\":\"WebSite\",\"@id\":\"https:\/\/www.immoapulien.com\/#website\",\"url\":\"https:\/\/www.immoapulien.com\/\",\"name\":\"ImmoApulien\",\"description\":\"Finden Sie Ihre Luxus Immobilie in Apulien\",\"publisher\":{\"@id\":\"https:\/\/www.immoapulien.com\/#organization\"},\"potentialAction\":[{\"@type\":\"SearchAction\",\"target\":{\"@type\":\"EntryPoint\",\"urlTemplate\":\"https:\/\/www.immoapulien.com\/?s={search_term_string}\"},\"query-input\":{\"@type\":\"PropertyValueSpecification\",\"valueRequired\":true,\"valueName\":\"search_term_string\"}}],\"inLanguage\":\"it-IT\"},{\"@type\":\"Organization\",\"@id\":\"https:\/\/www.immoapulien.com\/#organization\",\"name\":\"ImmoApulien\",\"url\":\"https:\/\/www.immoapulien.com\/\",\"logo\":{\"@type\":\"ImageObject\",\"inLanguage\":\"it-IT\",\"@id\":\"https:\/\/www.immoapulien.com\/#\/schema\/logo\/image\/\",\"url\":\"https:\/\/www.immoapulien.com\/wp-content\/uploads\/2023\/04\/logo.png\",\"contentUrl\":\"https:\/\/www.immoapulien.com\/wp-content\/uploads\/2023\/04\/logo.png\",\"width\":300,\"height\":163,\"caption\":\"ImmoApulien\"},\"image\":{\"@id\":\"https:\/\/www.immoapulien.com\/#\/schema\/logo\/image\/\"}}]}<\/script>\n<!-- \/ Yoast SEO Premium plugin. -->","yoast_head_json":{"title":"Agenzie immobiliari in Puglia - ImmoApulia","description":"State cercando un agente immobiliare in Puglia? Siamo una societ\u00e0 di consulenza immobiliare e siamo specializzati nella vendita di immobili di lusso.","robots":{"index":"index","follow":"follow","max-snippet":"max-snippet:-1","max-image-preview":"max-image-preview:large","max-video-preview":"max-video-preview:-1"},"canonical":"https:\/\/www.immoapulien.com\/it\/immobilien-services-apulien\/immobilien-verkaufen-ablauf-makler-apulien\/","og_locale":"it_IT","og_type":"article","og_title":"Immobilien verkaufen - ablauf","og_description":"Sie suchen einen Makler in Apulien? Wir sind eine Immobilienberatung, und wir haben uns auf den Verkauf von Luxusimmobilien spezialisiert","og_url":"https:\/\/www.immoapulien.com\/it\/immobilien-services-apulien\/immobilien-verkaufen-ablauf-makler-apulien\/","og_site_name":"ImmoApulien","article_modified_time":"2023-08-06T20:49:41+00:00","twitter_card":"summary_large_image","twitter_misc":{"Tempo di lettura stimato":"2 minuti"},"schema":{"@context":"https:\/\/schema.org","@graph":[{"@type":"WebPage","@id":"https:\/\/www.immoapulien.com\/immobilien-services-apulien\/immobilien-verkaufen-ablauf-makler-apulien\/","url":"https:\/\/www.immoapulien.com\/immobilien-services-apulien\/immobilien-verkaufen-ablauf-makler-apulien\/","name":"Agenzie immobiliari in Puglia - ImmoApulia","isPartOf":{"@id":"https:\/\/www.immoapulien.com\/#website"},"datePublished":"2023-07-16T04:34:07+00:00","dateModified":"2023-08-06T20:49:41+00:00","description":"State cercando un agente immobiliare in Puglia? Siamo una societ\u00e0 di consulenza immobiliare e siamo specializzati nella vendita di immobili di lusso.","breadcrumb":{"@id":"https:\/\/www.immoapulien.com\/immobilien-services-apulien\/immobilien-verkaufen-ablauf-makler-apulien\/#breadcrumb"},"inLanguage":"it-IT","potentialAction":[{"@type":"ReadAction","target":["https:\/\/www.immoapulien.com\/immobilien-services-apulien\/immobilien-verkaufen-ablauf-makler-apulien\/"]}]},{"@type":"BreadcrumbList","@id":"https:\/\/www.immoapulien.com\/immobilien-services-apulien\/immobilien-verkaufen-ablauf-makler-apulien\/#breadcrumb","itemListElement":[{"@type":"ListItem","position":1,"name":"Startseite","item":"https:\/\/www.immoapulien.com\/"},{"@type":"ListItem","position":2,"name":"Immobilien Services","item":"https:\/\/www.immoapulien.com\/immobilien-services-apulien\/"},{"@type":"ListItem","position":3,"name":"Immobilien verkaufen &#8211; ablauf"}]},{"@type":"WebSite","@id":"https:\/\/www.immoapulien.com\/#website","url":"https:\/\/www.immoapulien.com\/","name":"ImmoApulia","description":"Trova la tua propriet\u00e0 di lusso in Puglia","publisher":{"@id":"https:\/\/www.immoapulien.com\/#organization"},"potentialAction":[{"@type":"SearchAction","target":{"@type":"EntryPoint","urlTemplate":"https:\/\/www.immoapulien.com\/?s={search_term_string}"},"query-input":{"@type":"PropertyValueSpecification","valueRequired":true,"valueName":"search_term_string"}}],"inLanguage":"it-IT"},{"@type":"Organization","@id":"https:\/\/www.immoapulien.com\/#organization","name":"ImmoApulia","url":"https:\/\/www.immoapulien.com\/","logo":{"@type":"ImageObject","inLanguage":"it-IT","@id":"https:\/\/www.immoapulien.com\/#\/schema\/logo\/image\/","url":"https:\/\/www.immoapulien.com\/wp-content\/uploads\/2023\/04\/logo.png","contentUrl":"https:\/\/www.immoapulien.com\/wp-content\/uploads\/2023\/04\/logo.png","width":300,"height":163,"caption":"ImmoApulien"},"image":{"@id":"https:\/\/www.immoapulien.com\/#\/schema\/logo\/image\/"}}]}},"_links":{"self":[{"href":"https:\/\/www.immoapulien.com\/it\/wp-json\/wp\/v2\/pages\/24084","targetHints":{"allow":["GET"]}}],"collection":[{"href":"https:\/\/www.immoapulien.com\/it\/wp-json\/wp\/v2\/pages"}],"about":[{"href":"https:\/\/www.immoapulien.com\/it\/wp-json\/wp\/v2\/types\/page"}],"author":[{"embeddable":true,"href":"https:\/\/www.immoapulien.com\/it\/wp-json\/wp\/v2\/users\/1"}],"replies":[{"embeddable":true,"href":"https:\/\/www.immoapulien.com\/it\/wp-json\/wp\/v2\/comments?post=24084"}],"version-history":[{"count":72,"href":"https:\/\/www.immoapulien.com\/it\/wp-json\/wp\/v2\/pages\/24084\/revisions"}],"predecessor-version":[{"id":24548,"href":"https:\/\/www.immoapulien.com\/it\/wp-json\/wp\/v2\/pages\/24084\/revisions\/24548"}],"up":[{"embeddable":true,"href":"https:\/\/www.immoapulien.com\/it\/wp-json\/wp\/v2\/pages\/24139"}],"wp:attachment":[{"href":"https:\/\/www.immoapulien.com\/it\/wp-json\/wp\/v2\/media?parent=24084"}],"curies":[{"name":"wp","href":"https:\/\/api.w.org\/{rel}","templated":true}]}}