{"id":24139,"date":"2023-07-16T09:28:44","date_gmt":"2023-07-16T07:28:44","guid":{"rendered":"https:\/\/www.immoapulien.com\/?page_id=24139"},"modified":"2023-08-22T11:43:47","modified_gmt":"2023-08-22T09:43:47","slug":"immobilien-services-apulien","status":"publish","type":"page","link":"https:\/\/www.immoapulien.com\/it\/immobilien-services-apulien\/","title":{"rendered":"Servizi immobiliari"},"content":{"rendered":"<div data-elementor-type=\"wp-page\" data-elementor-id=\"24139\" class=\"elementor elementor-24139\" data-elementor-post-type=\"page\">\n\t\t\t\t\t\t<section class=\"has_ae_slider elementor-section elementor-top-section elementor-element elementor-element-209c378 elementor-section-stretched alter_bg elementor-section-boxed elementor-section-height-default elementor-section-height-default ae-bg-gallery-type-default sc_fly_static\" data-id=\"209c378\" data-element_type=\"section\" data-e-type=\"section\" data-settings=\"{&quot;stretch_section&quot;:&quot;section-stretched&quot;,&quot;background_background&quot;:&quot;classic&quot;}\">\n\t\t\t\t\t\t<div class=\"elementor-container elementor-column-gap-extended\">\n\t\t\t\t\t<div class=\"has_ae_slider elementor-column elementor-col-100 elementor-top-column elementor-element elementor-element-c3105dc sc_content_align_inherit sc_layouts_column_icons_position_left ae-bg-gallery-type-default sc_fly_static\" data-id=\"c3105dc\" data-element_type=\"column\" data-e-type=\"column\">\n\t\t\t<div class=\"elementor-widget-wrap elementor-element-populated\">\n\t\t\t\t\t\t<div class=\"elementor-element elementor-element-ab7525f title_style_h1 sc_fly_static elementor-widget elementor-widget-trx_sc_title\" data-id=\"ab7525f\" data-element_type=\"widget\" data-e-type=\"widget\" data-widget_type=\"trx_sc_title.default\">\n\t\t\t\t<div class=\"elementor-widget-container\">\n\t\t\t\t\t<div\t\tclass=\"sc_title sc_title_default\" ><span class=\"sc_item_subtitle sc_title_subtitle sc_align_center sc_item_subtitle_above sc_item_title_style_default\">Trova qui tutti i servizi immobiliari in Puglia<\/span><h2 class=\"sc_item_title sc_title_title sc_align_center sc_item_title_style_default sc_item_title_tag\"\n\t\t\t><span class=\"sc_item_title_text\">Trovare - Vendere - Affittare e altro ancora<\/span><\/h2><\/div>\t\t\t\t<\/div>\n\t\t\t\t<\/div>\n\t\t\t\t<div class=\"elementor-element elementor-element-98d00d0 sc_fly_static elementor-widget elementor-widget-spacer\" data-id=\"98d00d0\" data-element_type=\"widget\" data-e-type=\"widget\" data-widget_type=\"spacer.default\">\n\t\t\t\t<div class=\"elementor-widget-container\">\n\t\t\t\t\t\t\t<div class=\"elementor-spacer\">\n\t\t\t<div class=\"elementor-spacer-inner\"><\/div>\n\t\t<\/div>\n\t\t\t\t\t\t<\/div>\n\t\t\t\t<\/div>\n\t\t\t\t<div class=\"elementor-element elementor-element-3a58d0e scheme_default sc_fly_static elementor-widget elementor-widget-trx_sc_icons\" data-id=\"3a58d0e\" data-element_type=\"widget\" data-e-type=\"widget\" data-widget_type=\"trx_sc_icons.default\">\n\t\t\t\t<div class=\"elementor-widget-container\">\n\t\t\t\t\t<div \tclass=\"sc_icons scheme_default sc_icons_hover2 sc_icons_size_small sc_align_none\" ><div class=\"sc_icons_columns_wrap sc_item_columns trx_addons_columns_wrap columns_padding_bottom\" ><div class=\"trx_addons_column-1_2\"><div class=\"sc_icons_item sc_icons_item_linked with_more\"><div class=\"sc_icons_icon sc_icon_type_ icon-search-2\" style=\"color: #3FB9BE\" ><span class=\"sc_icon_type_ icon-search-2\" style=\"color: #3FB9BE\"><\/span><\/div><div class=\"sc_icons_item_details\"><h4 class=\"sc_icons_item_title\"><a href=\"https:\/\/www.immoapulien.com\/it\/properties\/\">\r\n                                    Trova gli immobili                                    <\/a><\/h4><div class=\"sc_icons_item_description\"><span>Scoprite il vostro sogno di un immobile perfetto con ImmoApulia! Il nostro team di esperti vi aiuter\u00e0 nella ricerca e vi fornir\u00e0 una consulenza competente. Che si tratti di un appartamento in citt\u00e0 o di una casa in campagna, abbiamo un'ampia scelta di immobili adatti alle vostre esigenze. Iniziate oggi stesso la vostra ricerca immobiliare e fate il primo passo verso la vostra nuova casa.<\/span><\/div><a href=\"https:\/\/www.immoapulien.com\/it\/properties\/\" class=\"sc_icons_item_more_link\">\r\n                        <span class=\"link_text\">Trova<\/span><span class=\"link_icon\"><\/span>\r\n                        <\/a><a href=\"https:\/\/www.immoapulien.com\/it\/properties\/\"\r\n                        class=\"sc_icons_item_link\">\r\n                        <\/a><\/div><\/div><\/div><div class=\"trx_addons_column-1_2\"><div class=\"sc_icons_item sc_icons_item_linked with_more\"><div class=\"sc_icons_icon sc_icon_type_ icon-money-light\" style=\"color: #3FB9BE\" ><span class=\"sc_icon_type_ icon-money-light\" style=\"color: #3FB9BE\"><\/span><\/div><div class=\"sc_icons_item_details\"><h4 class=\"sc_icons_item_title\"><a href=\"https:\/\/www.immoapulien.com\/it\/immobilie-verkaufen\/\">\r\n                                    Vendere immobili                                    <\/a><\/h4><div class=\"sc_icons_item_description\"><span>Affidatevi a ImmoApulia se volete vendere il vostro immobile senza stress e con profitto. Valuteremo professionalmente il vostro immobile, creeremo una strategia di vendita efficace e useremo la nostra esperienza di marketing per presentare il vostro immobile nel miglior modo possibile. Ci occupiamo di tutte le attivit\u00e0 amministrative, in modo che possiate rilassarvi e guardare al successo della vendita. Iniziate con noi una fase di vendita senza preoccupazioni!<\/span><\/div><a href=\"https:\/\/www.immoapulien.com\/it\/immobilie-verkaufen\/\" class=\"sc_icons_item_more_link\">\r\n                        <span class=\"link_text\">Vendere<\/span><span class=\"link_icon\"><\/span>\r\n                        <\/a><a href=\"https:\/\/www.immoapulien.com\/it\/immobilie-verkaufen\/\"\r\n                        class=\"sc_icons_item_link\">\r\n                        <\/a><\/div><\/div><\/div><div class=\"trx_addons_column-1_2\"><div class=\"sc_icons_item sc_icons_item_linked with_more\"><div class=\"sc_icons_icon sc_icon_type_ icon-refresh\" style=\"color: #3FB9BE\" ><span class=\"sc_icon_type_ icon-refresh\" style=\"color: #3FB9BE\"><\/span><\/div><div class=\"sc_icons_item_details\"><h4 class=\"sc_icons_item_title\"><a href=\"https:\/\/www.immoapulien.com\/it\/immobilien-vermieten\/\">\r\n                                    Affitto o locazione di immobili                                    <\/a><\/h4><div class=\"sc_icons_item_description\"><span>I nostri esperti hanno messo insieme una serie di propriet\u00e0 in affitto perfette per le diverse occasioni. Che stiate pianificando una fuga romantica, vogliate trascorrere un periodo indimenticabile con la vostra famiglia o semplicemente vogliate immergervi nella cultura locale, su ImmoApulia troverete la propriet\u00e0 ideale.<\/span><span>Vi aiutiamo anche ad affittare le vostre propriet\u00e0!<\/span><\/div><a href=\"https:\/\/www.immoapulien.com\/it\/immobilien-vermieten\/\" class=\"sc_icons_item_more_link\">\r\n                        <span class=\"link_text\">Affitto \/ Affitto<\/span><span class=\"link_icon\"><\/span>\r\n                        <\/a><a href=\"https:\/\/www.immoapulien.com\/it\/immobilien-vermieten\/\"\r\n                        class=\"sc_icons_item_link\">\r\n                        <\/a><\/div><\/div><\/div><div class=\"trx_addons_column-1_2\"><div class=\"sc_icons_item sc_icons_item_linked with_more\"><div class=\"sc_icons_icon sc_icon_type_ icon-homepage-settings\" style=\"color: #3FB9BE\" ><span class=\"sc_icon_type_ icon-homepage-settings\" style=\"color: #3FB9BE\"><\/span><\/div><div class=\"sc_icons_item_details\"><h4 class=\"sc_icons_item_title\"><a href=\"https:\/\/www.immoapulien.com\/it\/prestige-objekte\/\">\r\n                                    Oggetti di prestigio                                    <\/a><\/h4><div class=\"sc_icons_item_description\"><span>ImmoApulia vi offre un accesso esclusivo alle nostre prestigiose propriet\u00e0 - immobili di alta qualit\u00e0 presentati con discrezione e non al pubblico. Con discrezione e professionalit\u00e0 vi assistiamo nella ricerca e nella gestione di queste transazioni immobiliari speciali. Scoprite con noi immobili di lusso che non lasciano nulla a desiderare in termini di qualit\u00e0, posizione e strutture. Entrate nel mondo delle propriet\u00e0 di prestigio con ImmoApulia.<\/span><\/div><a href=\"https:\/\/www.immoapulien.com\/it\/prestige-objekte\/\" class=\"sc_icons_item_more_link\">\r\n                        <span class=\"link_text\">Prestigio<\/span><span class=\"link_icon\"><\/span>\r\n                        <\/a><a href=\"https:\/\/www.immoapulien.com\/it\/prestige-objekte\/\"\r\n                        class=\"sc_icons_item_link\">\r\n                        <\/a><\/div><\/div><\/div><div class=\"trx_addons_column-1_2\"><div class=\"sc_icons_item sc_icons_item_linked with_more\"><div class=\"sc_icons_icon sc_icon_type_ icon-picture-2\" style=\"color: #3FB9BE\" ><span class=\"sc_icon_type_ icon-picture-2\" style=\"color: #3FB9BE\"><\/span><\/div><div class=\"sc_icons_item_details\"><h4 class=\"sc_icons_item_title\"><a href=\"https:\/\/www.immoapulien.com\/it\/projekte-vorher-nachher\/%20\/\">\r\n                                    I nostri progetti prima e dopo                                    <\/a><\/h4><div class=\"sc_icons_item_description\"><span>Immergetevi nell'affascinante mondo delle trasformazioni immobiliari e scoprite nei nostri progetti \"prima e dopo\" come riusciamo a liberare il potenziale e a far nascere vere e proprie case da sogno da semplici stanze.<\/span><\/div><a href=\"https:\/\/www.immoapulien.com\/it\/projekte-vorher-nachher\/%20\/\" class=\"sc_icons_item_more_link\">\r\n                        <span class=\"link_text\">Ai progetti<\/span><span class=\"link_icon\"><\/span>\r\n                        <\/a><a href=\"https:\/\/www.immoapulien.com\/it\/projekte-vorher-nachher\/%20\/\"\r\n                        class=\"sc_icons_item_link\">\r\n                        <\/a><\/div><\/div><\/div><\/div><\/div><!-- \/.sc_icons -->\t\t\t\t<\/div>\n\t\t\t\t<\/div>\n\t\t\t\t\t<\/div>\n\t\t<\/div>\n\t\t\t\t\t<\/div>\n\t\t<\/section>\n\t\t\t\t<section class=\"has_ae_slider elementor-section elementor-top-section elementor-element elementor-element-cd77b8d elementor-section-boxed elementor-section-height-default elementor-section-height-default ae-bg-gallery-type-default sc_fly_static\" data-id=\"cd77b8d\" data-element_type=\"section\" data-e-type=\"section\">\n\t\t\t\t\t\t<div class=\"elementor-container elementor-column-gap-extended\">\n\t\t\t\t\t<div class=\"has_ae_slider elementor-column elementor-col-100 elementor-top-column elementor-element elementor-element-a628b47 sc_content_align_inherit sc_layouts_column_icons_position_left ae-bg-gallery-type-default sc_fly_static\" data-id=\"a628b47\" data-element_type=\"column\" data-e-type=\"column\">\n\t\t\t<div class=\"elementor-widget-wrap\">\n\t\t\t\t\t\t\t<\/div>\n\t\t<\/div>\n\t\t\t\t\t<\/div>\n\t\t<\/section>\n\t\t\t\t<\/div>","protected":false},"excerpt":{"rendered":"<p>Trova qui tutti i servizi immobiliari in Puglia Trova - Vendi - Affitta e altro ancora Trova un immobile Scopri il tuo sogno di un immobile perfetto con ImmoApulia! Il nostro team di esperti...<\/p>","protected":false},"author":1,"featured_media":0,"parent":0,"menu_order":0,"comment_status":"closed","ping_status":"closed","template":"","meta":{"footnotes":""},"class_list":["post-24139","page","type-page","status-publish","hentry"],"yoast_head":"<!-- This site is optimized with the Yoast SEO Premium plugin v25.4 (Yoast SEO v27.2) - https:\/\/yoast.com\/product\/yoast-seo-premium-wordpress\/ -->\n<title>Immobilien Services in Apulien - ImmoApulien<\/title>\n<meta name=\"description\" content=\"Sie ben\u00f6tigen spezielle Immobilien Services in Apulien? Unsere Experten helfen Ihnen gerne bei einer Renovierung oder einem Neubauprojekt\" \/>\n<meta name=\"robots\" content=\"index, follow, max-snippet:-1, max-image-preview:large, max-video-preview:-1\" \/>\n<link rel=\"canonical\" href=\"https:\/\/www.immoapulien.com\/it\/immobilien-services-apulien\/\" \/>\n<meta property=\"og:locale\" content=\"it_IT\" \/>\n<meta property=\"og:type\" content=\"article\" \/>\n<meta property=\"og:title\" content=\"Immobilien Services\" \/>\n<meta property=\"og:description\" content=\"Sie ben\u00f6tigen spezielle Immobilien Services in Apulien? Unsere Experten helfen Ihnen gerne bei einer Renovierung oder einem Neubauprojekt\" \/>\n<meta property=\"og:url\" content=\"https:\/\/www.immoapulien.com\/it\/immobilien-services-apulien\/\" \/>\n<meta property=\"og:site_name\" content=\"ImmoApulien\" \/>\n<meta property=\"article:modified_time\" content=\"2023-08-22T09:43:47+00:00\" \/>\n<meta name=\"twitter:card\" content=\"summary_large_image\" \/>\n<meta name=\"twitter:label1\" content=\"Tempo di lettura stimato\" \/>\n\t<meta name=\"twitter:data1\" content=\"2 minuti\" \/>\n<script type=\"application\/ld+json\" class=\"yoast-schema-graph\">{\"@context\":\"https:\/\/schema.org\",\"@graph\":[{\"@type\":\"WebPage\",\"@id\":\"https:\/\/www.immoapulien.com\/immobilien-services-apulien\/\",\"url\":\"https:\/\/www.immoapulien.com\/immobilien-services-apulien\/\",\"name\":\"Immobilien Services in Apulien - ImmoApulien\",\"isPartOf\":{\"@id\":\"https:\/\/www.immoapulien.com\/#website\"},\"datePublished\":\"2023-07-16T07:28:44+00:00\",\"dateModified\":\"2023-08-22T09:43:47+00:00\",\"description\":\"Sie ben\u00f6tigen spezielle Immobilien Services in Apulien? Unsere Experten helfen Ihnen gerne bei einer Renovierung oder einem Neubauprojekt\",\"breadcrumb\":{\"@id\":\"https:\/\/www.immoapulien.com\/immobilien-services-apulien\/#breadcrumb\"},\"inLanguage\":\"it-IT\",\"potentialAction\":[{\"@type\":\"ReadAction\",\"target\":[\"https:\/\/www.immoapulien.com\/immobilien-services-apulien\/\"]}]},{\"@type\":\"BreadcrumbList\",\"@id\":\"https:\/\/www.immoapulien.com\/immobilien-services-apulien\/#breadcrumb\",\"itemListElement\":[{\"@type\":\"ListItem\",\"position\":1,\"name\":\"Startseite\",\"item\":\"https:\/\/www.immoapulien.com\/\"},{\"@type\":\"ListItem\",\"position\":2,\"name\":\"Immobilien Services\"}]},{\"@type\":\"WebSite\",\"@id\":\"https:\/\/www.immoapulien.com\/#website\",\"url\":\"https:\/\/www.immoapulien.com\/\",\"name\":\"ImmoApulien\",\"description\":\"Finden Sie Ihre Luxus Immobilie in Apulien\",\"publisher\":{\"@id\":\"https:\/\/www.immoapulien.com\/#organization\"},\"potentialAction\":[{\"@type\":\"SearchAction\",\"target\":{\"@type\":\"EntryPoint\",\"urlTemplate\":\"https:\/\/www.immoapulien.com\/?s={search_term_string}\"},\"query-input\":{\"@type\":\"PropertyValueSpecification\",\"valueRequired\":true,\"valueName\":\"search_term_string\"}}],\"inLanguage\":\"it-IT\"},{\"@type\":\"Organization\",\"@id\":\"https:\/\/www.immoapulien.com\/#organization\",\"name\":\"ImmoApulien\",\"url\":\"https:\/\/www.immoapulien.com\/\",\"logo\":{\"@type\":\"ImageObject\",\"inLanguage\":\"it-IT\",\"@id\":\"https:\/\/www.immoapulien.com\/#\/schema\/logo\/image\/\",\"url\":\"https:\/\/www.immoapulien.com\/wp-content\/uploads\/2023\/04\/logo.png\",\"contentUrl\":\"https:\/\/www.immoapulien.com\/wp-content\/uploads\/2023\/04\/logo.png\",\"width\":300,\"height\":163,\"caption\":\"ImmoApulien\"},\"image\":{\"@id\":\"https:\/\/www.immoapulien.com\/#\/schema\/logo\/image\/\"}}]}<\/script>\n<!-- \/ Yoast SEO Premium plugin. -->","yoast_head_json":{"title":"Servizi immobiliari in Puglia - ImmoApulia","description":"Avete bisogno di servizi immobiliari speciali in Puglia? I nostri esperti saranno lieti di aiutarvi in un progetto di ristrutturazione o di nuova costruzione.","robots":{"index":"index","follow":"follow","max-snippet":"max-snippet:-1","max-image-preview":"max-image-preview:large","max-video-preview":"max-video-preview:-1"},"canonical":"https:\/\/www.immoapulien.com\/it\/immobilien-services-apulien\/","og_locale":"it_IT","og_type":"article","og_title":"Immobilien Services","og_description":"Sie ben\u00f6tigen spezielle Immobilien Services in Apulien? Unsere Experten helfen Ihnen gerne bei einer Renovierung oder einem Neubauprojekt","og_url":"https:\/\/www.immoapulien.com\/it\/immobilien-services-apulien\/","og_site_name":"ImmoApulien","article_modified_time":"2023-08-22T09:43:47+00:00","twitter_card":"summary_large_image","twitter_misc":{"Tempo di lettura stimato":"2 minuti"},"schema":{"@context":"https:\/\/schema.org","@graph":[{"@type":"WebPage","@id":"https:\/\/www.immoapulien.com\/immobilien-services-apulien\/","url":"https:\/\/www.immoapulien.com\/immobilien-services-apulien\/","name":"Servizi immobiliari in Puglia - ImmoApulia","isPartOf":{"@id":"https:\/\/www.immoapulien.com\/#website"},"datePublished":"2023-07-16T07:28:44+00:00","dateModified":"2023-08-22T09:43:47+00:00","description":"Avete bisogno di servizi immobiliari speciali in Puglia? I nostri esperti saranno lieti di aiutarvi in un progetto di ristrutturazione o di nuova costruzione.","breadcrumb":{"@id":"https:\/\/www.immoapulien.com\/immobilien-services-apulien\/#breadcrumb"},"inLanguage":"it-IT","potentialAction":[{"@type":"ReadAction","target":["https:\/\/www.immoapulien.com\/immobilien-services-apulien\/"]}]},{"@type":"BreadcrumbList","@id":"https:\/\/www.immoapulien.com\/immobilien-services-apulien\/#breadcrumb","itemListElement":[{"@type":"ListItem","position":1,"name":"Startseite","item":"https:\/\/www.immoapulien.com\/"},{"@type":"ListItem","position":2,"name":"Immobilien Services"}]},{"@type":"WebSite","@id":"https:\/\/www.immoapulien.com\/#website","url":"https:\/\/www.immoapulien.com\/","name":"ImmoApulia","description":"Trova la tua propriet\u00e0 di lusso in Puglia","publisher":{"@id":"https:\/\/www.immoapulien.com\/#organization"},"potentialAction":[{"@type":"SearchAction","target":{"@type":"EntryPoint","urlTemplate":"https:\/\/www.immoapulien.com\/?s={search_term_string}"},"query-input":{"@type":"PropertyValueSpecification","valueRequired":true,"valueName":"search_term_string"}}],"inLanguage":"it-IT"},{"@type":"Organization","@id":"https:\/\/www.immoapulien.com\/#organization","name":"ImmoApulia","url":"https:\/\/www.immoapulien.com\/","logo":{"@type":"ImageObject","inLanguage":"it-IT","@id":"https:\/\/www.immoapulien.com\/#\/schema\/logo\/image\/","url":"https:\/\/www.immoapulien.com\/wp-content\/uploads\/2023\/04\/logo.png","contentUrl":"https:\/\/www.immoapulien.com\/wp-content\/uploads\/2023\/04\/logo.png","width":300,"height":163,"caption":"ImmoApulien"},"image":{"@id":"https:\/\/www.immoapulien.com\/#\/schema\/logo\/image\/"}}]}},"_links":{"self":[{"href":"https:\/\/www.immoapulien.com\/it\/wp-json\/wp\/v2\/pages\/24139","targetHints":{"allow":["GET"]}}],"collection":[{"href":"https:\/\/www.immoapulien.com\/it\/wp-json\/wp\/v2\/pages"}],"about":[{"href":"https:\/\/www.immoapulien.com\/it\/wp-json\/wp\/v2\/types\/page"}],"author":[{"embeddable":true,"href":"https:\/\/www.immoapulien.com\/it\/wp-json\/wp\/v2\/users\/1"}],"replies":[{"embeddable":true,"href":"https:\/\/www.immoapulien.com\/it\/wp-json\/wp\/v2\/comments?post=24139"}],"version-history":[{"count":38,"href":"https:\/\/www.immoapulien.com\/it\/wp-json\/wp\/v2\/pages\/24139\/revisions"}],"predecessor-version":[{"id":24762,"href":"https:\/\/www.immoapulien.com\/it\/wp-json\/wp\/v2\/pages\/24139\/revisions\/24762"}],"wp:attachment":[{"href":"https:\/\/www.immoapulien.com\/it\/wp-json\/wp\/v2\/media?parent=24139"}],"curies":[{"name":"wp","href":"https:\/\/api.w.org\/{rel}","templated":true}]}}