{"id":24145,"date":"2023-07-16T09:49:36","date_gmt":"2023-07-16T07:49:36","guid":{"rendered":"https:\/\/www.immoapulien.com\/?page_id=24145"},"modified":"2025-04-17T15:59:12","modified_gmt":"2025-04-17T13:59:12","slug":"prestige-objekte-immobilien-apulien","status":"publish","type":"page","link":"https:\/\/www.immoapulien.com\/it\/prestige-objekte-immobilien-apulien\/","title":{"rendered":"Oggetti di prestigio"},"content":{"rendered":"\t\t<div data-elementor-type=\"wp-page\" data-elementor-id=\"24145\" class=\"elementor elementor-24145\" data-elementor-post-type=\"page\">\n\t\t\t\t\t\t<section class=\"has_ae_slider elementor-section elementor-top-section elementor-element elementor-element-8a462b4 elementor-section-boxed elementor-section-height-default elementor-section-height-default ae-bg-gallery-type-default sc_fly_static\" data-id=\"8a462b4\" data-element_type=\"section\" data-e-type=\"section\">\n\t\t\t\t\t\t<div class=\"elementor-container elementor-column-gap-extended\">\n\t\t\t\t\t<div class=\"has_ae_slider elementor-column elementor-col-50 elementor-top-column elementor-element elementor-element-d51d021 sc-mobile_inner_width_none sc_content_align_inherit sc_layouts_column_icons_position_left ae-bg-gallery-type-default sc_fly_static\" data-id=\"d51d021\" data-element_type=\"column\" data-e-type=\"column\">\n\t\t\t<div class=\"elementor-widget-wrap elementor-element-populated\">\n\t\t\t\t\t\t<div class=\"elementor-element elementor-element-56b29c1 title_style_h1 sc_fly_static elementor-widget elementor-widget-trx_sc_title\" data-id=\"56b29c1\" data-element_type=\"widget\" data-e-type=\"widget\" data-widget_type=\"trx_sc_title.default\">\n\t\t\t\t<div class=\"elementor-widget-container\">\n\t\t\t\t\t<div\t\tclass=\"sc_title sc_title_default\" ><span class=\"sc_item_subtitle sc_title_subtitle sc_item_subtitle_above sc_item_title_style_default\">Exklusiv<\/span><h2 class=\"sc_item_title sc_title_title sc_item_title_style_default sc_item_title_tag\"\n\t\t\t><span class=\"sc_item_title_text\">Prestige Objekte<\/span><\/h2><\/div>\t\t\t\t<\/div>\n\t\t\t\t<\/div>\n\t\t\t\t<section class=\"has_ae_slider elementor-section elementor-inner-section elementor-element elementor-element-d759784 elementor-section-boxed elementor-section-height-default elementor-section-height-default ae-bg-gallery-type-default sc_fly_static\" data-id=\"d759784\" data-element_type=\"section\" data-e-type=\"section\">\n\t\t\t\t\t\t<div class=\"elementor-container elementor-column-gap-no\">\n\t\t\t\t\t<div class=\"has_ae_slider elementor-column elementor-col-50 elementor-inner-column elementor-element elementor-element-1d9f4ed sc_content_align_inherit sc_layouts_column_icons_position_left ae-bg-gallery-type-default sc_fly_static\" data-id=\"1d9f4ed\" data-element_type=\"column\" data-e-type=\"column\">\n\t\t\t<div class=\"elementor-widget-wrap elementor-element-populated\">\n\t\t\t\t\t\t<div class=\"elementor-element elementor-element-8808d48 sc_layouts_hide_on_mobile elementor-widget-divider--view-line sc_fly_static elementor-widget elementor-widget-divider\" data-id=\"8808d48\" data-element_type=\"widget\" data-e-type=\"widget\" data-widget_type=\"divider.default\">\n\t\t\t\t<div class=\"elementor-widget-container\">\n\t\t\t\t\t\t\t<div class=\"elementor-divider\">\n\t\t\t<span class=\"elementor-divider-separator\">\n\t\t\t\t\t\t<\/span>\n\t\t<\/div>\n\t\t\t\t\t\t<\/div>\n\t\t\t\t<\/div>\n\t\t\t\t\t<\/div>\n\t\t<\/div>\n\t\t\t\t<div class=\"has_ae_slider elementor-column elementor-col-50 elementor-inner-column elementor-element elementor-element-a1a16c6 sc_content_align_inherit sc_layouts_column_icons_position_left ae-bg-gallery-type-default sc_fly_static\" data-id=\"a1a16c6\" data-element_type=\"column\" data-e-type=\"column\">\n\t\t\t<div class=\"elementor-widget-wrap elementor-element-populated\">\n\t\t\t\t\t\t<div class=\"elementor-element elementor-element-1b7d3e6 sc_fly_static elementor-widget elementor-widget-text-editor\" data-id=\"1b7d3e6\" data-element_type=\"widget\" data-e-type=\"widget\" data-widget_type=\"text-editor.default\">\n\t\t\t\t<div class=\"elementor-widget-container\">\n\t\t\t\t\t\t\t\t\t<p>Willkommen im exklusiven Segment der Immobilienwelt mit ImmoApulien \u2013 unsere Prestige Objekte. Hier vermitteln wir diskret und professionell Zugang zu einzigartigen Immobilien in Apulien, die sich durch ihre Exklusivit\u00e4t, Qualit\u00e4t und Lage hervorheben. Diese Objekte werden nicht \u00f6ffentlich pr\u00e4sentiert und k\u00f6nnen nur in einem privaten und vertraulichen Rahmen angeboten werden.<\/p>\n<p>Unsere Prestige Objekte umfassen historische Bauten wie Burgen und Schl\u00f6sser, die durch ihre einzigartige Architektur und Geschichte bestechen. Ebenfalls in unserem Portfolio von Immobilien in Apulien finden Sie luxuri\u00f6se Villen, die mit ihrer hochwertigen Ausstattung und erstklassigen Lage begeistern. Diese Objekte bieten ein unvergleichliches Ma\u00df an Luxus und Komfort und sind oft umgeben von beeindruckenden Landschaften oder befinden sich in prestigetr\u00e4chtigen Stadtvierteln.<\/p>\n<p>Wir bei ImmoApulien verstehen die besonderen Anforderungen, die mit dem Verkauf und Kauf solcher Prestige Objekte verbunden sind. Daher bieten wir einen ma\u00dfgeschneiderten Service, der Diskretion, Professionalit\u00e4t und tiefgreifende Marktkenntnisse vereint. Unser Ziel ist es, die Anforderungen und W\u00fcnsche unserer Kunden zu erf\u00fcllen und sie sicher durch den gesamten Prozess zu f\u00fchren.<\/p>\n<p>Wenn Sie ganz besondere Immobilien in Apulien suchen oder verkaufen m\u00f6chten, dann sind Sie bei ImmoApulien genau richtig. Kontaktieren Sie uns und erfahren Sie mehr \u00fcber unsere exklusiven Prestige Objekte.<\/p>\t\t\t\t\t\t\t\t<\/div>\n\t\t\t\t<\/div>\n\t\t\t\t<div class=\"elementor-element elementor-element-b6df21c sc_fly_static elementor-widget elementor-widget-spacer\" data-id=\"b6df21c\" data-element_type=\"widget\" data-e-type=\"widget\" data-widget_type=\"spacer.default\">\n\t\t\t\t<div class=\"elementor-widget-container\">\n\t\t\t\t\t\t\t<div class=\"elementor-spacer\">\n\t\t\t<div class=\"elementor-spacer-inner\"><\/div>\n\t\t<\/div>\n\t\t\t\t\t\t<\/div>\n\t\t\t\t<\/div>\n\t\t\t\t<div class=\"elementor-element elementor-element-37c4a8c sc_fly_static elementor-widget elementor-widget-trx_sc_button\" data-id=\"37c4a8c\" data-element_type=\"widget\" data-e-type=\"widget\" data-widget_type=\"trx_sc_button.default\">\n\t\t\t\t<div class=\"elementor-widget-container\">\n\t\t\t\t\t<div\tclass=\"sc_item_button sc_button_wrap\" ><a href=\"https:\/\/www.immoapulien.com\/kontakt\/\" class=\"sc_button sc_button_default sc_button_size_normal sc_button_icon_left\" ><span class=\"sc_button_text\"><span class=\"sc_button_title\">Kontakt<\/span><\/span><\/a><\/div>\t\t\t\t<\/div>\n\t\t\t\t<\/div>\n\t\t\t\t\t<\/div>\n\t\t<\/div>\n\t\t\t\t\t<\/div>\n\t\t<\/section>\n\t\t\t\t\t<\/div>\n\t\t<\/div>\n\t\t\t\t<div class=\"has_ae_slider elementor-column elementor-col-50 elementor-top-column elementor-element elementor-element-e2ff51d sc_content_align_inherit sc_layouts_column_icons_position_left ae-bg-gallery-type-default sc_fly_static\" data-id=\"e2ff51d\" data-element_type=\"column\" data-e-type=\"column\">\n\t\t\t<div class=\"elementor-widget-wrap elementor-element-populated\">\n\t\t\t\t\t\t<div class=\"elementor-element elementor-element-8291eaf sc_fly_static elementor-widget elementor-widget-image\" data-id=\"8291eaf\" data-element_type=\"widget\" data-e-type=\"widget\" data-widget_type=\"image.default\">\n\t\t\t\t<div class=\"elementor-widget-container\">\n\t\t\t\t\t\t\t\t\t\t\t\t\t\t\t<img fetchpriority=\"high\" decoding=\"async\" width=\"768\" height=\"1024\" src=\"https:\/\/www.immoapulien.com\/wp-content\/uploads\/2023\/07\/a-47-768x1024.jpg\" class=\"attachment-large size-large wp-image-23727\" alt=\"\" srcset=\"https:\/\/www.immoapulien.com\/wp-content\/uploads\/2023\/07\/a-47-768x1024.jpg 768w, https:\/\/www.immoapulien.com\/wp-content\/uploads\/2023\/07\/a-47-225x300.jpg 225w, https:\/\/www.immoapulien.com\/wp-content\/uploads\/2023\/07\/a-47-370x493.jpg 370w, https:\/\/www.immoapulien.com\/wp-content\/uploads\/2023\/07\/a-47-850x1133.jpg 850w, https:\/\/www.immoapulien.com\/wp-content\/uploads\/2023\/07\/a-47-410x547.jpg 410w, https:\/\/www.immoapulien.com\/wp-content\/uploads\/2023\/07\/a-47-600x800.jpg 600w, https:\/\/www.immoapulien.com\/wp-content\/uploads\/2023\/07\/a-47.jpg 975w\" sizes=\"(max-width: 768px) 100vw, 768px\" \/>\t\t\t\t\t\t\t\t\t\t\t\t\t\t\t<\/div>\n\t\t\t\t<\/div>\n\t\t\t\t\t<\/div>\n\t\t<\/div>\n\t\t\t\t\t<\/div>\n\t\t<\/section>\n\t\t\t\t<section class=\"has_ae_slider elementor-section elementor-top-section elementor-element elementor-element-989a91e elementor-section-boxed elementor-section-height-default elementor-section-height-default ae-bg-gallery-type-default sc_fly_static\" data-id=\"989a91e\" data-element_type=\"section\" data-e-type=\"section\">\n\t\t\t\t\t\t<div class=\"elementor-container elementor-column-gap-extended\">\n\t\t\t\t\t<div class=\"has_ae_slider elementor-column elementor-col-100 elementor-top-column elementor-element elementor-element-0fd38fe sc_content_align_inherit sc_layouts_column_icons_position_left ae-bg-gallery-type-default sc_fly_static\" data-id=\"0fd38fe\" data-element_type=\"column\" data-e-type=\"column\">\n\t\t\t<div class=\"elementor-widget-wrap\">\n\t\t\t\t\t\t\t<\/div>\n\t\t<\/div>\n\t\t\t\t\t<\/div>\n\t\t<\/section>\n\t\t\t\t<section class=\"has_ae_slider elementor-section elementor-top-section elementor-element elementor-element-6f5fd2c sc_layouts_hide_on_wide sc_layouts_hide_on_desktop sc_layouts_hide_on_notebook sc_layouts_hide_on_tablet sc_layouts_hide_on_mobile elementor-section-boxed elementor-section-height-default elementor-section-height-default ae-bg-gallery-type-default sc_fly_static\" data-id=\"6f5fd2c\" data-element_type=\"section\" data-e-type=\"section\">\n\t\t\t\t\t\t<div class=\"elementor-container elementor-column-gap-extended\">\n\t\t\t\t\t<div class=\"has_ae_slider elementor-column elementor-col-100 elementor-top-column elementor-element elementor-element-fb7a6a0 sc_content_align_inherit sc_layouts_column_icons_position_left ae-bg-gallery-type-default sc_fly_static\" data-id=\"fb7a6a0\" data-element_type=\"column\" data-e-type=\"column\">\n\t\t\t<div class=\"elementor-widget-wrap elementor-element-populated\">\n\t\t\t\t\t\t<div class=\"elementor-element elementor-element-df2025e sc_fly_static elementor-widget elementor-widget-heading\" data-id=\"df2025e\" data-element_type=\"widget\" data-e-type=\"widget\" data-widget_type=\"heading.default\">\n\t\t\t\t<div class=\"elementor-widget-container\">\n\t\t\t\t\t<h2 class=\"elementor-heading-title elementor-size-default\">Anfragen<\/h2>\t\t\t\t<\/div>\n\t\t\t\t<\/div>\n\t\t\t\t<div class=\"elementor-element elementor-element-d7b271e sc_fly_static elementor-widget elementor-widget-shortcode\" data-id=\"d7b271e\" data-element_type=\"widget\" data-e-type=\"widget\" data-widget_type=\"shortcode.default\">\n\t\t\t\t<div class=\"elementor-widget-container\">\n\t\t\t\t\t\t\t<div class=\"elementor-shortcode\">[gravityform id=\"1\" title=\"false\"]<\/div>\n\t\t\t\t\t\t<\/div>\n\t\t\t\t<\/div>\n\t\t\t\t\t<\/div>\n\t\t<\/div>\n\t\t\t\t\t<\/div>\n\t\t<\/section>\n\t\t\t\t<\/div>\n\t\t","protected":false},"excerpt":{"rendered":"<p>Propriet\u00e0 di prestigio esclusive Benvenuti nel segmento esclusivo del mondo immobiliare di ImmoApulia: le nostre propriet\u00e0 di prestigio. Qui forniamo un accesso discreto e professionale a propriet\u00e0 uniche in Puglia, caratterizzate da...<\/p>","protected":false},"author":1,"featured_media":0,"parent":0,"menu_order":0,"comment_status":"closed","ping_status":"closed","template":"","meta":{"footnotes":""},"class_list":["post-24145","page","type-page","status-publish","hentry"],"yoast_head":"<!-- This site is optimized with the Yoast SEO Premium plugin v25.4 (Yoast SEO v27.2) - https:\/\/yoast.com\/product\/yoast-seo-premium-wordpress\/ -->\n<title>Immobilien in Apulien - Prestige Objekte - ImmoApulien<\/title>\n<meta name=\"description\" content=\"Suchen Sie nach speziellen Immobilien in Apulien? Bei uns finden Sie historische Bauten wie Burgen und Schl\u00f6sser und auch luxuri\u00f6se Villen,\" \/>\n<meta name=\"robots\" content=\"index, follow, max-snippet:-1, max-image-preview:large, max-video-preview:-1\" \/>\n<link rel=\"canonical\" href=\"https:\/\/www.immoapulien.com\/it\/prestige-objekte-immobilien-apulien\/\" \/>\n<meta property=\"og:locale\" content=\"it_IT\" \/>\n<meta property=\"og:type\" content=\"article\" \/>\n<meta property=\"og:title\" content=\"Prestige Objekte\" \/>\n<meta property=\"og:description\" content=\"Suchen Sie nach speziellen Immobilien in Apulien? Bei uns finden Sie historische Bauten wie Burgen und Schl\u00f6sser und auch luxuri\u00f6se Villen,\" \/>\n<meta property=\"og:url\" content=\"https:\/\/www.immoapulien.com\/it\/prestige-objekte-immobilien-apulien\/\" \/>\n<meta property=\"og:site_name\" content=\"ImmoApulien\" \/>\n<meta property=\"article:modified_time\" content=\"2025-04-17T13:59:12+00:00\" \/>\n<meta property=\"og:image\" content=\"https:\/\/www.immoapulien.com\/wp-content\/uploads\/2023\/07\/a-47.jpg\" \/>\n\t<meta property=\"og:image:width\" content=\"975\" \/>\n\t<meta property=\"og:image:height\" content=\"1300\" \/>\n\t<meta property=\"og:image:type\" content=\"image\/jpeg\" \/>\n<meta name=\"twitter:card\" content=\"summary_large_image\" \/>\n<meta name=\"twitter:label1\" content=\"Tempo di lettura stimato\" \/>\n\t<meta name=\"twitter:data1\" content=\"2 minuti\" \/>\n<script type=\"application\/ld+json\" class=\"yoast-schema-graph\">{\"@context\":\"https:\/\/schema.org\",\"@graph\":[{\"@type\":\"WebPage\",\"@id\":\"https:\/\/www.immoapulien.com\/prestige-objekte-immobilien-apulien\/\",\"url\":\"https:\/\/www.immoapulien.com\/prestige-objekte-immobilien-apulien\/\",\"name\":\"Immobilien in Apulien - Prestige Objekte - ImmoApulien\",\"isPartOf\":{\"@id\":\"https:\/\/www.immoapulien.com\/#website\"},\"primaryImageOfPage\":{\"@id\":\"https:\/\/www.immoapulien.com\/prestige-objekte-immobilien-apulien\/#primaryimage\"},\"image\":{\"@id\":\"https:\/\/www.immoapulien.com\/prestige-objekte-immobilien-apulien\/#primaryimage\"},\"thumbnailUrl\":\"https:\/\/www.immoapulien.com\/wp-content\/uploads\/2023\/07\/a-47-768x1024.jpg\",\"datePublished\":\"2023-07-16T07:49:36+00:00\",\"dateModified\":\"2025-04-17T13:59:12+00:00\",\"description\":\"Suchen Sie nach speziellen Immobilien in Apulien? Bei uns finden Sie historische Bauten wie Burgen und Schl\u00f6sser und auch luxuri\u00f6se Villen,\",\"breadcrumb\":{\"@id\":\"https:\/\/www.immoapulien.com\/prestige-objekte-immobilien-apulien\/#breadcrumb\"},\"inLanguage\":\"it-IT\",\"potentialAction\":[{\"@type\":\"ReadAction\",\"target\":[\"https:\/\/www.immoapulien.com\/prestige-objekte-immobilien-apulien\/\"]}]},{\"@type\":\"ImageObject\",\"inLanguage\":\"it-IT\",\"@id\":\"https:\/\/www.immoapulien.com\/prestige-objekte-immobilien-apulien\/#primaryimage\",\"url\":\"https:\/\/www.immoapulien.com\/wp-content\/uploads\/2023\/07\/a-47-768x1024.jpg\",\"contentUrl\":\"https:\/\/www.immoapulien.com\/wp-content\/uploads\/2023\/07\/a-47-768x1024.jpg\"},{\"@type\":\"BreadcrumbList\",\"@id\":\"https:\/\/www.immoapulien.com\/prestige-objekte-immobilien-apulien\/#breadcrumb\",\"itemListElement\":[{\"@type\":\"ListItem\",\"position\":1,\"name\":\"Startseite\",\"item\":\"https:\/\/www.immoapulien.com\/\"},{\"@type\":\"ListItem\",\"position\":2,\"name\":\"Prestige Objekte\"}]},{\"@type\":\"WebSite\",\"@id\":\"https:\/\/www.immoapulien.com\/#website\",\"url\":\"https:\/\/www.immoapulien.com\/\",\"name\":\"ImmoApulien\",\"description\":\"Finden Sie Ihre Luxus Immobilie in Apulien\",\"publisher\":{\"@id\":\"https:\/\/www.immoapulien.com\/#organization\"},\"potentialAction\":[{\"@type\":\"SearchAction\",\"target\":{\"@type\":\"EntryPoint\",\"urlTemplate\":\"https:\/\/www.immoapulien.com\/?s={search_term_string}\"},\"query-input\":{\"@type\":\"PropertyValueSpecification\",\"valueRequired\":true,\"valueName\":\"search_term_string\"}}],\"inLanguage\":\"it-IT\"},{\"@type\":\"Organization\",\"@id\":\"https:\/\/www.immoapulien.com\/#organization\",\"name\":\"ImmoApulien\",\"url\":\"https:\/\/www.immoapulien.com\/\",\"logo\":{\"@type\":\"ImageObject\",\"inLanguage\":\"it-IT\",\"@id\":\"https:\/\/www.immoapulien.com\/#\/schema\/logo\/image\/\",\"url\":\"https:\/\/www.immoapulien.com\/wp-content\/uploads\/2023\/04\/logo.png\",\"contentUrl\":\"https:\/\/www.immoapulien.com\/wp-content\/uploads\/2023\/04\/logo.png\",\"width\":300,\"height\":163,\"caption\":\"ImmoApulien\"},\"image\":{\"@id\":\"https:\/\/www.immoapulien.com\/#\/schema\/logo\/image\/\"}}]}<\/script>\n<!-- \/ Yoast SEO Premium plugin. -->","yoast_head_json":{"title":"Propriet\u00e0 in Puglia - Propriet\u00e0 di prestigio - ImmoApulia","description":"Siete alla ricerca di propriet\u00e0 speciali in Puglia? Qui troverete edifici storici come castelli e palazzi, ma anche ville di lusso,","robots":{"index":"index","follow":"follow","max-snippet":"max-snippet:-1","max-image-preview":"max-image-preview:large","max-video-preview":"max-video-preview:-1"},"canonical":"https:\/\/www.immoapulien.com\/it\/prestige-objekte-immobilien-apulien\/","og_locale":"it_IT","og_type":"article","og_title":"Prestige Objekte","og_description":"Suchen Sie nach speziellen Immobilien in Apulien? Bei uns finden Sie historische Bauten wie Burgen und Schl\u00f6sser und auch luxuri\u00f6se Villen,","og_url":"https:\/\/www.immoapulien.com\/it\/prestige-objekte-immobilien-apulien\/","og_site_name":"ImmoApulien","article_modified_time":"2025-04-17T13:59:12+00:00","og_image":[{"width":975,"height":1300,"url":"https:\/\/www.immoapulien.com\/wp-content\/uploads\/2023\/07\/a-47.jpg","type":"image\/jpeg"}],"twitter_card":"summary_large_image","twitter_misc":{"Tempo di lettura stimato":"2 minuti"},"schema":{"@context":"https:\/\/schema.org","@graph":[{"@type":"WebPage","@id":"https:\/\/www.immoapulien.com\/prestige-objekte-immobilien-apulien\/","url":"https:\/\/www.immoapulien.com\/prestige-objekte-immobilien-apulien\/","name":"Propriet\u00e0 in Puglia - Propriet\u00e0 di prestigio - ImmoApulia","isPartOf":{"@id":"https:\/\/www.immoapulien.com\/#website"},"primaryImageOfPage":{"@id":"https:\/\/www.immoapulien.com\/prestige-objekte-immobilien-apulien\/#primaryimage"},"image":{"@id":"https:\/\/www.immoapulien.com\/prestige-objekte-immobilien-apulien\/#primaryimage"},"thumbnailUrl":"https:\/\/www.immoapulien.com\/wp-content\/uploads\/2023\/07\/a-47-768x1024.jpg","datePublished":"2023-07-16T07:49:36+00:00","dateModified":"2025-04-17T13:59:12+00:00","description":"Siete alla ricerca di propriet\u00e0 speciali in Puglia? Qui troverete edifici storici come castelli e palazzi, ma anche ville di lusso,","breadcrumb":{"@id":"https:\/\/www.immoapulien.com\/prestige-objekte-immobilien-apulien\/#breadcrumb"},"inLanguage":"it-IT","potentialAction":[{"@type":"ReadAction","target":["https:\/\/www.immoapulien.com\/prestige-objekte-immobilien-apulien\/"]}]},{"@type":"ImageObject","inLanguage":"it-IT","@id":"https:\/\/www.immoapulien.com\/prestige-objekte-immobilien-apulien\/#primaryimage","url":"https:\/\/www.immoapulien.com\/wp-content\/uploads\/2023\/07\/a-47-768x1024.jpg","contentUrl":"https:\/\/www.immoapulien.com\/wp-content\/uploads\/2023\/07\/a-47-768x1024.jpg"},{"@type":"BreadcrumbList","@id":"https:\/\/www.immoapulien.com\/prestige-objekte-immobilien-apulien\/#breadcrumb","itemListElement":[{"@type":"ListItem","position":1,"name":"Startseite","item":"https:\/\/www.immoapulien.com\/"},{"@type":"ListItem","position":2,"name":"Prestige Objekte"}]},{"@type":"WebSite","@id":"https:\/\/www.immoapulien.com\/#website","url":"https:\/\/www.immoapulien.com\/","name":"ImmoApulia","description":"Trova la tua propriet\u00e0 di lusso in Puglia","publisher":{"@id":"https:\/\/www.immoapulien.com\/#organization"},"potentialAction":[{"@type":"SearchAction","target":{"@type":"EntryPoint","urlTemplate":"https:\/\/www.immoapulien.com\/?s={search_term_string}"},"query-input":{"@type":"PropertyValueSpecification","valueRequired":true,"valueName":"search_term_string"}}],"inLanguage":"it-IT"},{"@type":"Organization","@id":"https:\/\/www.immoapulien.com\/#organization","name":"ImmoApulia","url":"https:\/\/www.immoapulien.com\/","logo":{"@type":"ImageObject","inLanguage":"it-IT","@id":"https:\/\/www.immoapulien.com\/#\/schema\/logo\/image\/","url":"https:\/\/www.immoapulien.com\/wp-content\/uploads\/2023\/04\/logo.png","contentUrl":"https:\/\/www.immoapulien.com\/wp-content\/uploads\/2023\/04\/logo.png","width":300,"height":163,"caption":"ImmoApulien"},"image":{"@id":"https:\/\/www.immoapulien.com\/#\/schema\/logo\/image\/"}}]}},"_links":{"self":[{"href":"https:\/\/www.immoapulien.com\/it\/wp-json\/wp\/v2\/pages\/24145","targetHints":{"allow":["GET"]}}],"collection":[{"href":"https:\/\/www.immoapulien.com\/it\/wp-json\/wp\/v2\/pages"}],"about":[{"href":"https:\/\/www.immoapulien.com\/it\/wp-json\/wp\/v2\/types\/page"}],"author":[{"embeddable":true,"href":"https:\/\/www.immoapulien.com\/it\/wp-json\/wp\/v2\/users\/1"}],"replies":[{"embeddable":true,"href":"https:\/\/www.immoapulien.com\/it\/wp-json\/wp\/v2\/comments?post=24145"}],"version-history":[{"count":17,"href":"https:\/\/www.immoapulien.com\/it\/wp-json\/wp\/v2\/pages\/24145\/revisions"}],"predecessor-version":[{"id":28552,"href":"https:\/\/www.immoapulien.com\/it\/wp-json\/wp\/v2\/pages\/24145\/revisions\/28552"}],"wp:attachment":[{"href":"https:\/\/www.immoapulien.com\/it\/wp-json\/wp\/v2\/media?parent=24145"}],"curies":[{"name":"wp","href":"https:\/\/api.w.org\/{rel}","templated":true}]}}